{"id":5275,"date":"2024-06-06T13:27:26","date_gmt":"2024-06-06T11:27:26","guid":{"rendered":"https:\/\/prestigeconcepts.sn\/?page_id=5275"},"modified":"2024-06-06T14:16:43","modified_gmt":"2024-06-06T12:16:43","slug":"shooting-ctrading","status":"publish","type":"page","link":"https:\/\/prestigeconcepts.sn\/index.php\/shooting-ctrading\/","title":{"rendered":"Shooting ctrading"},"content":{"rendered":"\t\t<div data-elementor-type=\"wp-page\" data-elementor-id=\"5275\" class=\"elementor elementor-5275\" data-elementor-post-type=\"page\">\n\t\t\t\t\t\t<section class=\"elementor-section elementor-top-section elementor-element elementor-element-241ddcde elementor-section-boxed elementor-section-height-default elementor-section-height-default\" data-id=\"241ddcde\" data-element_type=\"section\" id=\"xs_testi_6\" data-settings=\"{&quot;background_background&quot;:&quot;classic&quot;}\">\n\t\t\t\t\t\t<div class=\"elementor-container elementor-column-gap-default\">\n\t\t\t\t\t<div class=\"elementor-column elementor-col-100 elementor-top-column elementor-element elementor-element-7730eb73\" data-id=\"7730eb73\" data-element_type=\"column\">\n\t\t\t<div class=\"elementor-widget-wrap elementor-element-populated\">\n\t\t\t\t\t\t<section class=\"elementor-section elementor-inner-section elementor-element elementor-element-7f0ffdf elementor-section-boxed elementor-section-height-default elementor-section-height-default\" data-id=\"7f0ffdf\" data-element_type=\"section\">\n\t\t\t\t\t\t<div class=\"elementor-container elementor-column-gap-default\">\n\t\t\t\t\t<div class=\"elementor-column elementor-col-100 elementor-inner-column elementor-element elementor-element-46584374\" data-id=\"46584374\" data-element_type=\"column\">\n\t\t\t<div class=\"elementor-widget-wrap elementor-element-populated\">\n\t\t\t\t\t\t<div class=\"elementor-element elementor-element-26f64048 elementor-widget elementor-widget-elementskit-heading\" data-id=\"26f64048\" data-element_type=\"widget\" data-widget_type=\"elementskit-heading.default\">\n\t\t\t\t<div class=\"elementor-widget-container\">\n\t\t\t<div class=\"ekit-wid-con\" ><div class=\"ekit-heading elementskit-section-title-wraper center   ekit_heading_tablet-   ekit_heading_mobile-\"><h3 class=\"ekit-heading--title elementskit-section-title \">Shooting Ctrading<\/h3><div class=\"ekit_heading_separetor_wraper ekit_heading_elementskit-border-divider\"><div class=\"elementskit-border-divider\"><\/div><\/div><\/div><\/div>\t\t<\/div>\n\t\t\t\t<\/div>\n\t\t\t\t\t<\/div>\n\t\t<\/div>\n\t\t\t\t\t<\/div>\n\t\t<\/section>\n\t\t\t\t<section class=\"elementor-section elementor-inner-section elementor-element elementor-element-162636ae elementor-section-boxed elementor-section-height-default elementor-section-height-default\" data-id=\"162636ae\" data-element_type=\"section\">\n\t\t\t\t\t\t<div class=\"elementor-container elementor-column-gap-default\">\n\t\t\t\t\t<div class=\"elementor-column elementor-col-100 elementor-inner-column elementor-element elementor-element-5e02ddf1\" data-id=\"5e02ddf1\" data-element_type=\"column\">\n\t\t\t<div class=\"elementor-widget-wrap elementor-element-populated\">\n\t\t\t\t\t\t<div class=\"elementor-element elementor-element-4b48261b elementor-arrows-position-inside elementor-widget elementor-widget-image-carousel\" data-id=\"4b48261b\" data-element_type=\"widget\" data-settings=\"{&quot;slides_to_show&quot;:&quot;1&quot;,&quot;navigation&quot;:&quot;arrows&quot;,&quot;autoplay&quot;:&quot;yes&quot;,&quot;pause_on_hover&quot;:&quot;yes&quot;,&quot;pause_on_interaction&quot;:&quot;yes&quot;,&quot;autoplay_speed&quot;:5000,&quot;infinite&quot;:&quot;yes&quot;,&quot;effect&quot;:&quot;slide&quot;,&quot;speed&quot;:500}\" data-widget_type=\"image-carousel.default\">\n\t\t\t\t<div class=\"elementor-widget-container\">\n\t\t\t\t\t<div class=\"elementor-image-carousel-wrapper swiper\" dir=\"ltr\">\n\t\t\t<div class=\"elementor-image-carousel swiper-wrapper\" aria-live=\"off\">\n\t\t\t\t\t\t\t\t<div class=\"swiper-slide\" role=\"group\" aria-roledescription=\"slide\" aria-label=\"1 of 1\"><figure class=\"swiper-slide-inner\"><img decoding=\"async\" class=\"swiper-slide-image\" src=\"https:\/\/prestigeconcepts.sn\/wp-content\/uploads\/2024\/06\/4928-3264-photos-1-scaled.jpg\" alt=\"4928-3264-photos\" \/><\/figure><\/div>\t\t\t<\/div>\n\t\t\t\t\t<\/div>\n\t\t\t\t<\/div>\n\t\t\t\t<\/div>\n\t\t\t\t\t<\/div>\n\t\t<\/div>\n\t\t\t\t\t<\/div>\n\t\t<\/section>\n\t\t\t\t\t<\/div>\n\t\t<\/div>\n\t\t\t\t\t<\/div>\n\t\t<\/section>\n\t\t\t\t<\/div>\n\t\t","protected":false},"excerpt":{"rendered":"<p>Shooting Ctrading<\/p>\n","protected":false},"author":1,"featured_media":0,"parent":0,"menu_order":0,"comment_status":"closed","ping_status":"closed","template":"elementor_header_footer","meta":{"_acf_changed":false,"footnotes":""},"class_list":["post-5275","page","type-page","status-publish","hentry"],"acf":[],"yoast_head":"<!-- This site is optimized with the Yoast SEO Premium plugin v22.5 (Yoast SEO v24.0) - https:\/\/yoast.com\/wordpress\/plugins\/seo\/ -->\n<title>Shooting ctrading - Prestige Concepts<\/title>\n<meta name=\"description\" content=\"Nous sommes une agence de conseil 360\u00b0, sp\u00e9cialis\u00e9e en strat\u00e9gie marketing et communication. Nous accompagnons les entreprises dans l\u2019\u00e9laboration et la mise en place de leur strat\u00e9gie de communication en prenant en compte leurs objectifs commerciaux et leur cible de march\u00e9.\" \/>\n<meta name=\"robots\" content=\"index, follow, max-snippet:-1, max-image-preview:large, max-video-preview:-1\" \/>\n<link rel=\"canonical\" href=\"https:\/\/prestigeconcepts.sn\/index.php\/shooting-ctrading\/\" \/>\n<meta property=\"og:locale\" content=\"en_US\" \/>\n<meta property=\"og:type\" content=\"article\" \/>\n<meta property=\"og:title\" content=\"Shooting ctrading\" \/>\n<meta property=\"og:description\" content=\"Nous sommes une agence de conseil 360\u00b0, sp\u00e9cialis\u00e9e en strat\u00e9gie marketing et communication. Nous accompagnons les entreprises dans l\u2019\u00e9laboration et la mise en place de leur strat\u00e9gie de communication en prenant en compte leurs objectifs commerciaux et leur cible de march\u00e9.\" \/>\n<meta property=\"og:url\" content=\"https:\/\/prestigeconcepts.sn\/index.php\/shooting-ctrading\/\" \/>\n<meta property=\"og:site_name\" content=\"Prestige Concepts\" \/>\n<meta property=\"article:modified_time\" content=\"2024-06-06T12:16:43+00:00\" \/>\n<meta property=\"og:image\" content=\"https:\/\/prestigeconcepts.sn\/wp-content\/uploads\/2024\/06\/4928-3264-photos-1-scaled.jpg\" \/>\n<meta name=\"twitter:card\" content=\"summary_large_image\" \/>\n<meta name=\"twitter:label1\" content=\"Est. reading time\" \/>\n\t<meta name=\"twitter:data1\" content=\"1 minute\" \/>\n<script type=\"application\/ld+json\" class=\"yoast-schema-graph\">{\"@context\":\"https:\/\/schema.org\",\"@graph\":[{\"@type\":\"WebPage\",\"@id\":\"https:\/\/prestigeconcepts.sn\/index.php\/shooting-ctrading\/\",\"url\":\"https:\/\/prestigeconcepts.sn\/index.php\/shooting-ctrading\/\",\"name\":\"Shooting ctrading - Prestige Concepts\",\"isPartOf\":{\"@id\":\"https:\/\/prestigeconcepts.sn\/#website\"},\"primaryImageOfPage\":{\"@id\":\"https:\/\/prestigeconcepts.sn\/index.php\/shooting-ctrading\/#primaryimage\"},\"image\":{\"@id\":\"https:\/\/prestigeconcepts.sn\/index.php\/shooting-ctrading\/#primaryimage\"},\"thumbnailUrl\":\"https:\/\/prestigeconcepts.sn\/wp-content\/uploads\/2024\/06\/4928-3264-photos-1-scaled.jpg\",\"datePublished\":\"2024-06-06T11:27:26+00:00\",\"dateModified\":\"2024-06-06T12:16:43+00:00\",\"description\":\"Nous sommes une agence de conseil 360\u00b0, sp\u00e9cialis\u00e9e en strat\u00e9gie marketing et communication. Nous accompagnons les entreprises dans l\u2019\u00e9laboration et la mise en place de leur strat\u00e9gie de communication en prenant en compte leurs objectifs commerciaux et leur cible de march\u00e9.\",\"breadcrumb\":{\"@id\":\"https:\/\/prestigeconcepts.sn\/index.php\/shooting-ctrading\/#breadcrumb\"},\"inLanguage\":\"en-US\",\"potentialAction\":[{\"@type\":\"ReadAction\",\"target\":[\"https:\/\/prestigeconcepts.sn\/index.php\/shooting-ctrading\/\"]}]},{\"@type\":\"ImageObject\",\"inLanguage\":\"en-US\",\"@id\":\"https:\/\/prestigeconcepts.sn\/index.php\/shooting-ctrading\/#primaryimage\",\"url\":\"https:\/\/prestigeconcepts.sn\/wp-content\/uploads\/2024\/06\/4928-3264-photos-1-scaled.jpg\",\"contentUrl\":\"https:\/\/prestigeconcepts.sn\/wp-content\/uploads\/2024\/06\/4928-3264-photos-1-scaled.jpg\",\"width\":2560,\"height\":1696},{\"@type\":\"BreadcrumbList\",\"@id\":\"https:\/\/prestigeconcepts.sn\/index.php\/shooting-ctrading\/#breadcrumb\",\"itemListElement\":[{\"@type\":\"ListItem\",\"position\":1,\"name\":\"Accueil\",\"item\":\"https:\/\/prestigeconcepts.sn\/\"},{\"@type\":\"ListItem\",\"position\":2,\"name\":\"Shooting ctrading\"}]},{\"@type\":\"WebSite\",\"@id\":\"https:\/\/prestigeconcepts.sn\/#website\",\"url\":\"https:\/\/prestigeconcepts.sn\/\",\"name\":\"Prestige Concepts\",\"description\":\"Agence de communication 360\u00b0 sp\u00e9cialis\u00e9e en strat\u00e9gie marketing et communication.\",\"publisher\":{\"@id\":\"https:\/\/prestigeconcepts.sn\/#organization\"},\"potentialAction\":[{\"@type\":\"SearchAction\",\"target\":{\"@type\":\"EntryPoint\",\"urlTemplate\":\"https:\/\/prestigeconcepts.sn\/?s={search_term_string}\"},\"query-input\":{\"@type\":\"PropertyValueSpecification\",\"valueRequired\":true,\"valueName\":\"search_term_string\"}}],\"inLanguage\":\"en-US\"},{\"@type\":\"Organization\",\"@id\":\"https:\/\/prestigeconcepts.sn\/#organization\",\"name\":\"Prestige Concepts\",\"url\":\"https:\/\/prestigeconcepts.sn\/\",\"logo\":{\"@type\":\"ImageObject\",\"inLanguage\":\"en-US\",\"@id\":\"https:\/\/prestigeconcepts.sn\/#\/schema\/logo\/image\/\",\"url\":\"https:\/\/prestigeconcepts.sn\/wp-content\/uploads\/2022\/05\/LOGO-PC-CONCEPT-CONTACT3.png\",\"contentUrl\":\"https:\/\/prestigeconcepts.sn\/wp-content\/uploads\/2022\/05\/LOGO-PC-CONCEPT-CONTACT3.png\",\"width\":3508,\"height\":2481,\"caption\":\"Prestige Concepts\"},\"image\":{\"@id\":\"https:\/\/prestigeconcepts.sn\/#\/schema\/logo\/image\/\"},\"description\":\"Agence de communication 360\u00b0 sp\u00e9cialis\u00e9e en strat\u00e9gie marketing et communication.\",\"email\":\"contact@prestigeconcepts.sn\",\"telephone\":\"33 835 40 82 - 78 104 32 16\",\"foundingDate\":\"2023-01-04\",\"numberOfEmployees\":{\"@type\":\"QuantitativeValue\",\"minValue\":\"1\",\"maxValue\":\"10\"}}]}<\/script>\n<!-- \/ Yoast SEO Premium plugin. -->","yoast_head_json":{"title":"Shooting ctrading - Prestige Concepts","description":"Nous sommes une agence de conseil 360\u00b0, sp\u00e9cialis\u00e9e en strat\u00e9gie marketing et communication. Nous accompagnons les entreprises dans l\u2019\u00e9laboration et la mise en place de leur strat\u00e9gie de communication en prenant en compte leurs objectifs commerciaux et leur cible de march\u00e9.","robots":{"index":"index","follow":"follow","max-snippet":"max-snippet:-1","max-image-preview":"max-image-preview:large","max-video-preview":"max-video-preview:-1"},"canonical":"https:\/\/prestigeconcepts.sn\/index.php\/shooting-ctrading\/","og_locale":"en_US","og_type":"article","og_title":"Shooting ctrading","og_description":"Nous sommes une agence de conseil 360\u00b0, sp\u00e9cialis\u00e9e en strat\u00e9gie marketing et communication. Nous accompagnons les entreprises dans l\u2019\u00e9laboration et la mise en place de leur strat\u00e9gie de communication en prenant en compte leurs objectifs commerciaux et leur cible de march\u00e9.","og_url":"https:\/\/prestigeconcepts.sn\/index.php\/shooting-ctrading\/","og_site_name":"Prestige Concepts","article_modified_time":"2024-06-06T12:16:43+00:00","og_image":[{"url":"https:\/\/prestigeconcepts.sn\/wp-content\/uploads\/2024\/06\/4928-3264-photos-1-scaled.jpg","type":"","width":"","height":""}],"twitter_card":"summary_large_image","twitter_misc":{"Est. reading time":"1 minute"},"schema":{"@context":"https:\/\/schema.org","@graph":[{"@type":"WebPage","@id":"https:\/\/prestigeconcepts.sn\/index.php\/shooting-ctrading\/","url":"https:\/\/prestigeconcepts.sn\/index.php\/shooting-ctrading\/","name":"Shooting ctrading - Prestige Concepts","isPartOf":{"@id":"https:\/\/prestigeconcepts.sn\/#website"},"primaryImageOfPage":{"@id":"https:\/\/prestigeconcepts.sn\/index.php\/shooting-ctrading\/#primaryimage"},"image":{"@id":"https:\/\/prestigeconcepts.sn\/index.php\/shooting-ctrading\/#primaryimage"},"thumbnailUrl":"https:\/\/prestigeconcepts.sn\/wp-content\/uploads\/2024\/06\/4928-3264-photos-1-scaled.jpg","datePublished":"2024-06-06T11:27:26+00:00","dateModified":"2024-06-06T12:16:43+00:00","description":"Nous sommes une agence de conseil 360\u00b0, sp\u00e9cialis\u00e9e en strat\u00e9gie marketing et communication. Nous accompagnons les entreprises dans l\u2019\u00e9laboration et la mise en place de leur strat\u00e9gie de communication en prenant en compte leurs objectifs commerciaux et leur cible de march\u00e9.","breadcrumb":{"@id":"https:\/\/prestigeconcepts.sn\/index.php\/shooting-ctrading\/#breadcrumb"},"inLanguage":"en-US","potentialAction":[{"@type":"ReadAction","target":["https:\/\/prestigeconcepts.sn\/index.php\/shooting-ctrading\/"]}]},{"@type":"ImageObject","inLanguage":"en-US","@id":"https:\/\/prestigeconcepts.sn\/index.php\/shooting-ctrading\/#primaryimage","url":"https:\/\/prestigeconcepts.sn\/wp-content\/uploads\/2024\/06\/4928-3264-photos-1-scaled.jpg","contentUrl":"https:\/\/prestigeconcepts.sn\/wp-content\/uploads\/2024\/06\/4928-3264-photos-1-scaled.jpg","width":2560,"height":1696},{"@type":"BreadcrumbList","@id":"https:\/\/prestigeconcepts.sn\/index.php\/shooting-ctrading\/#breadcrumb","itemListElement":[{"@type":"ListItem","position":1,"name":"Accueil","item":"https:\/\/prestigeconcepts.sn\/"},{"@type":"ListItem","position":2,"name":"Shooting ctrading"}]},{"@type":"WebSite","@id":"https:\/\/prestigeconcepts.sn\/#website","url":"https:\/\/prestigeconcepts.sn\/","name":"Prestige Concepts","description":"Agence de communication 360\u00b0 sp\u00e9cialis\u00e9e en strat\u00e9gie marketing et communication.","publisher":{"@id":"https:\/\/prestigeconcepts.sn\/#organization"},"potentialAction":[{"@type":"SearchAction","target":{"@type":"EntryPoint","urlTemplate":"https:\/\/prestigeconcepts.sn\/?s={search_term_string}"},"query-input":{"@type":"PropertyValueSpecification","valueRequired":true,"valueName":"search_term_string"}}],"inLanguage":"en-US"},{"@type":"Organization","@id":"https:\/\/prestigeconcepts.sn\/#organization","name":"Prestige Concepts","url":"https:\/\/prestigeconcepts.sn\/","logo":{"@type":"ImageObject","inLanguage":"en-US","@id":"https:\/\/prestigeconcepts.sn\/#\/schema\/logo\/image\/","url":"https:\/\/prestigeconcepts.sn\/wp-content\/uploads\/2022\/05\/LOGO-PC-CONCEPT-CONTACT3.png","contentUrl":"https:\/\/prestigeconcepts.sn\/wp-content\/uploads\/2022\/05\/LOGO-PC-CONCEPT-CONTACT3.png","width":3508,"height":2481,"caption":"Prestige Concepts"},"image":{"@id":"https:\/\/prestigeconcepts.sn\/#\/schema\/logo\/image\/"},"description":"Agence de communication 360\u00b0 sp\u00e9cialis\u00e9e en strat\u00e9gie marketing et communication.","email":"contact@prestigeconcepts.sn","telephone":"33 835 40 82 - 78 104 32 16","foundingDate":"2023-01-04","numberOfEmployees":{"@type":"QuantitativeValue","minValue":"1","maxValue":"10"}}]}},"_links":{"self":[{"href":"https:\/\/prestigeconcepts.sn\/index.php\/wp-json\/wp\/v2\/pages\/5275","targetHints":{"allow":["GET"]}}],"collection":[{"href":"https:\/\/prestigeconcepts.sn\/index.php\/wp-json\/wp\/v2\/pages"}],"about":[{"href":"https:\/\/prestigeconcepts.sn\/index.php\/wp-json\/wp\/v2\/types\/page"}],"author":[{"embeddable":true,"href":"https:\/\/prestigeconcepts.sn\/index.php\/wp-json\/wp\/v2\/users\/1"}],"replies":[{"embeddable":true,"href":"https:\/\/prestigeconcepts.sn\/index.php\/wp-json\/wp\/v2\/comments?post=5275"}],"version-history":[{"count":4,"href":"https:\/\/prestigeconcepts.sn\/index.php\/wp-json\/wp\/v2\/pages\/5275\/revisions"}],"predecessor-version":[{"id":5284,"href":"https:\/\/prestigeconcepts.sn\/index.php\/wp-json\/wp\/v2\/pages\/5275\/revisions\/5284"}],"wp:attachment":[{"href":"https:\/\/prestigeconcepts.sn\/index.php\/wp-json\/wp\/v2\/media?parent=5275"}],"curies":[{"name":"wp","href":"https:\/\/api.w.org\/{rel}","templated":true}]}}