{"id":4977,"date":"2024-04-25T15:51:09","date_gmt":"2024-04-25T13:51:09","guid":{"rendered":"http:\/\/demo.prestigeconcepts.sn\/?page_id=4977"},"modified":"2024-04-29T12:48:25","modified_gmt":"2024-04-29T10:48:25","slug":"audifisc","status":"publish","type":"page","link":"https:\/\/prestigeconcepts.sn\/index.php\/audifisc\/","title":{"rendered":"AUDIFISC"},"content":{"rendered":"\t\t<div data-elementor-type=\"wp-page\" data-elementor-id=\"4977\" class=\"elementor elementor-4977\" data-elementor-post-type=\"page\">\n\t\t\t\t\t\t<section class=\"elementor-section elementor-top-section elementor-element elementor-element-61b7ea7f elementor-section-boxed elementor-section-height-default elementor-section-height-default\" data-id=\"61b7ea7f\" data-element_type=\"section\" id=\"xs_testi_6\" data-settings=\"{&quot;background_background&quot;:&quot;classic&quot;}\">\n\t\t\t\t\t\t<div class=\"elementor-container elementor-column-gap-default\">\n\t\t\t\t\t<div class=\"elementor-column elementor-col-100 elementor-top-column elementor-element elementor-element-3c2e1d18\" data-id=\"3c2e1d18\" data-element_type=\"column\">\n\t\t\t<div class=\"elementor-widget-wrap elementor-element-populated\">\n\t\t\t\t\t\t<section class=\"elementor-section elementor-inner-section elementor-element elementor-element-59d148a7 elementor-section-boxed elementor-section-height-default elementor-section-height-default\" data-id=\"59d148a7\" data-element_type=\"section\">\n\t\t\t\t\t\t<div class=\"elementor-container elementor-column-gap-default\">\n\t\t\t\t\t<div class=\"elementor-column elementor-col-100 elementor-inner-column elementor-element elementor-element-33e17d41\" data-id=\"33e17d41\" data-element_type=\"column\">\n\t\t\t<div class=\"elementor-widget-wrap elementor-element-populated\">\n\t\t\t\t\t\t<div class=\"elementor-element elementor-element-1998581e elementor-widget elementor-widget-elementskit-heading\" data-id=\"1998581e\" data-element_type=\"widget\" data-widget_type=\"elementskit-heading.default\">\n\t\t\t\t<div class=\"elementor-widget-container\">\n\t\t\t<div class=\"ekit-wid-con\" ><div class=\"ekit-heading elementskit-section-title-wraper center   ekit_heading_tablet-   ekit_heading_mobile-\"><h3 class=\"ekit-heading--title elementskit-section-title \">AUDIFISC<\/h3><div class=\"ekit_heading_separetor_wraper ekit_heading_elementskit-border-divider\"><div class=\"elementskit-border-divider\"><\/div><\/div>\t\t\t\t<div class='ekit-heading__description'>\n\t\t\t\t\t<p>Services :<br \/>Conseil et strat\u00e9gie<br \/>Communication social media<\/p>\n\t\t\t\t<\/div>\n\t\t\t<\/div><\/div>\t\t<\/div>\n\t\t\t\t<\/div>\n\t\t\t\t\t<\/div>\n\t\t<\/div>\n\t\t\t\t\t<\/div>\n\t\t<\/section>\n\t\t\t\t<section class=\"elementor-section elementor-inner-section elementor-element elementor-element-47e58f7b elementor-section-boxed elementor-section-height-default elementor-section-height-default\" data-id=\"47e58f7b\" data-element_type=\"section\">\n\t\t\t\t\t\t<div class=\"elementor-container elementor-column-gap-default\">\n\t\t\t\t\t<div class=\"elementor-column elementor-col-100 elementor-inner-column elementor-element elementor-element-6e0f5448\" data-id=\"6e0f5448\" data-element_type=\"column\">\n\t\t\t<div class=\"elementor-widget-wrap elementor-element-populated\">\n\t\t\t\t\t\t<div class=\"elementor-element elementor-element-3e2dcc1c elementor-arrows-position-inside elementor-widget elementor-widget-image-carousel\" data-id=\"3e2dcc1c\" data-element_type=\"widget\" data-settings=\"{&quot;slides_to_show&quot;:&quot;1&quot;,&quot;navigation&quot;:&quot;arrows&quot;,&quot;autoplay&quot;:&quot;yes&quot;,&quot;pause_on_hover&quot;:&quot;yes&quot;,&quot;pause_on_interaction&quot;:&quot;yes&quot;,&quot;autoplay_speed&quot;:5000,&quot;infinite&quot;:&quot;yes&quot;,&quot;effect&quot;:&quot;slide&quot;,&quot;speed&quot;:500}\" data-widget_type=\"image-carousel.default\">\n\t\t\t\t<div class=\"elementor-widget-container\">\n\t\t\t\t\t<div class=\"elementor-image-carousel-wrapper swiper\" dir=\"ltr\">\n\t\t\t<div class=\"elementor-image-carousel swiper-wrapper\" aria-live=\"off\">\n\t\t\t\t\t\t\t\t<div class=\"swiper-slide\" role=\"group\" aria-roledescription=\"slide\" aria-label=\"1 of 1\"><figure class=\"swiper-slide-inner\"><img decoding=\"async\" class=\"swiper-slide-image\" src=\"https:\/\/prestigeconcepts.sn\/wp-content\/uploads\/2024\/04\/4928-3264-AUDIFISC-scaled.jpg\" alt=\"4928-3264-AUDIFISC\" \/><\/figure><\/div>\t\t\t<\/div>\n\t\t\t\t\t<\/div>\n\t\t\t\t<\/div>\n\t\t\t\t<\/div>\n\t\t\t\t\t<\/div>\n\t\t<\/div>\n\t\t\t\t\t<\/div>\n\t\t<\/section>\n\t\t\t\t\t<\/div>\n\t\t<\/div>\n\t\t\t\t\t<\/div>\n\t\t<\/section>\n\t\t\t\t<\/div>\n\t\t","protected":false},"excerpt":{"rendered":"<p>AUDIFISC Services :Conseil et strat\u00e9gieCommunication social media<\/p>\n","protected":false},"author":1,"featured_media":0,"parent":0,"menu_order":0,"comment_status":"closed","ping_status":"closed","template":"elementor_header_footer","meta":{"_acf_changed":false,"footnotes":""},"class_list":["post-4977","page","type-page","status-publish","hentry"],"acf":[],"yoast_head":"<!-- This site is optimized with the Yoast SEO Premium plugin v22.5 (Yoast SEO v24.0) - https:\/\/yoast.com\/wordpress\/plugins\/seo\/ -->\n<title>AUDIFISC - Prestige Concepts<\/title>\n<meta name=\"description\" content=\"Nous sommes une agence de conseil 360\u00b0, sp\u00e9cialis\u00e9e en strat\u00e9gie marketing et communication. Nous accompagnons les entreprises dans l\u2019\u00e9laboration et la mise en place de leur strat\u00e9gie de communication en prenant en compte leurs objectifs commerciaux et leur cible de march\u00e9.\" \/>\n<meta name=\"robots\" content=\"index, follow, max-snippet:-1, max-image-preview:large, max-video-preview:-1\" \/>\n<link rel=\"canonical\" href=\"https:\/\/prestigeconcepts.sn\/index.php\/audifisc\/\" \/>\n<meta property=\"og:locale\" content=\"en_US\" \/>\n<meta property=\"og:type\" content=\"article\" \/>\n<meta property=\"og:title\" content=\"AUDIFISC\" \/>\n<meta property=\"og:description\" content=\"Nous sommes une agence de conseil 360\u00b0, sp\u00e9cialis\u00e9e en strat\u00e9gie marketing et communication. Nous accompagnons les entreprises dans l\u2019\u00e9laboration et la mise en place de leur strat\u00e9gie de communication en prenant en compte leurs objectifs commerciaux et leur cible de march\u00e9.\" \/>\n<meta property=\"og:url\" content=\"https:\/\/prestigeconcepts.sn\/index.php\/audifisc\/\" \/>\n<meta property=\"og:site_name\" content=\"Prestige Concepts\" \/>\n<meta property=\"article:modified_time\" content=\"2024-04-29T10:48:25+00:00\" \/>\n<meta property=\"og:image\" content=\"http:\/\/demo.prestigeconcepts.sn\/wp-content\/uploads\/2024\/04\/4928-3264-AUDIFISC-scaled.jpg\" \/>\n<meta name=\"twitter:card\" content=\"summary_large_image\" \/>\n<script type=\"application\/ld+json\" class=\"yoast-schema-graph\">{\"@context\":\"https:\/\/schema.org\",\"@graph\":[{\"@type\":\"WebPage\",\"@id\":\"https:\/\/prestigeconcepts.sn\/index.php\/audifisc\/\",\"url\":\"https:\/\/prestigeconcepts.sn\/index.php\/audifisc\/\",\"name\":\"AUDIFISC - Prestige Concepts\",\"isPartOf\":{\"@id\":\"https:\/\/prestigeconcepts.sn\/#website\"},\"primaryImageOfPage\":{\"@id\":\"https:\/\/prestigeconcepts.sn\/index.php\/audifisc\/#primaryimage\"},\"image\":{\"@id\":\"https:\/\/prestigeconcepts.sn\/index.php\/audifisc\/#primaryimage\"},\"thumbnailUrl\":\"http:\/\/demo.prestigeconcepts.sn\/wp-content\/uploads\/2024\/04\/4928-3264-AUDIFISC-scaled.jpg\",\"datePublished\":\"2024-04-25T13:51:09+00:00\",\"dateModified\":\"2024-04-29T10:48:25+00:00\",\"description\":\"Nous sommes une agence de conseil 360\u00b0, sp\u00e9cialis\u00e9e en strat\u00e9gie marketing et communication. Nous accompagnons les entreprises dans l\u2019\u00e9laboration et la mise en place de leur strat\u00e9gie de communication en prenant en compte leurs objectifs commerciaux et leur cible de march\u00e9.\",\"breadcrumb\":{\"@id\":\"https:\/\/prestigeconcepts.sn\/index.php\/audifisc\/#breadcrumb\"},\"inLanguage\":\"en-US\",\"potentialAction\":[{\"@type\":\"ReadAction\",\"target\":[\"https:\/\/prestigeconcepts.sn\/index.php\/audifisc\/\"]}]},{\"@type\":\"ImageObject\",\"inLanguage\":\"en-US\",\"@id\":\"https:\/\/prestigeconcepts.sn\/index.php\/audifisc\/#primaryimage\",\"url\":\"http:\/\/demo.prestigeconcepts.sn\/wp-content\/uploads\/2024\/04\/4928-3264-AUDIFISC-scaled.jpg\",\"contentUrl\":\"http:\/\/demo.prestigeconcepts.sn\/wp-content\/uploads\/2024\/04\/4928-3264-AUDIFISC-scaled.jpg\"},{\"@type\":\"BreadcrumbList\",\"@id\":\"https:\/\/prestigeconcepts.sn\/index.php\/audifisc\/#breadcrumb\",\"itemListElement\":[{\"@type\":\"ListItem\",\"position\":1,\"name\":\"Accueil\",\"item\":\"https:\/\/prestigeconcepts.sn\/\"},{\"@type\":\"ListItem\",\"position\":2,\"name\":\"AUDIFISC\"}]},{\"@type\":\"WebSite\",\"@id\":\"https:\/\/prestigeconcepts.sn\/#website\",\"url\":\"https:\/\/prestigeconcepts.sn\/\",\"name\":\"Prestige Concepts\",\"description\":\"Agence de communication 360\u00b0 sp\u00e9cialis\u00e9e en strat\u00e9gie marketing et communication.\",\"publisher\":{\"@id\":\"https:\/\/prestigeconcepts.sn\/#organization\"},\"potentialAction\":[{\"@type\":\"SearchAction\",\"target\":{\"@type\":\"EntryPoint\",\"urlTemplate\":\"https:\/\/prestigeconcepts.sn\/?s={search_term_string}\"},\"query-input\":{\"@type\":\"PropertyValueSpecification\",\"valueRequired\":true,\"valueName\":\"search_term_string\"}}],\"inLanguage\":\"en-US\"},{\"@type\":\"Organization\",\"@id\":\"https:\/\/prestigeconcepts.sn\/#organization\",\"name\":\"Prestige Concepts\",\"url\":\"https:\/\/prestigeconcepts.sn\/\",\"logo\":{\"@type\":\"ImageObject\",\"inLanguage\":\"en-US\",\"@id\":\"https:\/\/prestigeconcepts.sn\/#\/schema\/logo\/image\/\",\"url\":\"https:\/\/prestigeconcepts.sn\/wp-content\/uploads\/2022\/05\/LOGO-PC-CONCEPT-CONTACT3.png\",\"contentUrl\":\"https:\/\/prestigeconcepts.sn\/wp-content\/uploads\/2022\/05\/LOGO-PC-CONCEPT-CONTACT3.png\",\"width\":3508,\"height\":2481,\"caption\":\"Prestige Concepts\"},\"image\":{\"@id\":\"https:\/\/prestigeconcepts.sn\/#\/schema\/logo\/image\/\"},\"description\":\"Agence de communication 360\u00b0 sp\u00e9cialis\u00e9e en strat\u00e9gie marketing et communication.\",\"email\":\"contact@prestigeconcepts.sn\",\"telephone\":\"33 835 40 82 - 78 104 32 16\",\"foundingDate\":\"2023-01-04\",\"numberOfEmployees\":{\"@type\":\"QuantitativeValue\",\"minValue\":\"1\",\"maxValue\":\"10\"}}]}<\/script>\n<!-- \/ Yoast SEO Premium plugin. -->","yoast_head_json":{"title":"AUDIFISC - Prestige Concepts","description":"Nous sommes une agence de conseil 360\u00b0, sp\u00e9cialis\u00e9e en strat\u00e9gie marketing et communication. Nous accompagnons les entreprises dans l\u2019\u00e9laboration et la mise en place de leur strat\u00e9gie de communication en prenant en compte leurs objectifs commerciaux et leur cible de march\u00e9.","robots":{"index":"index","follow":"follow","max-snippet":"max-snippet:-1","max-image-preview":"max-image-preview:large","max-video-preview":"max-video-preview:-1"},"canonical":"https:\/\/prestigeconcepts.sn\/index.php\/audifisc\/","og_locale":"en_US","og_type":"article","og_title":"AUDIFISC","og_description":"Nous sommes une agence de conseil 360\u00b0, sp\u00e9cialis\u00e9e en strat\u00e9gie marketing et communication. Nous accompagnons les entreprises dans l\u2019\u00e9laboration et la mise en place de leur strat\u00e9gie de communication en prenant en compte leurs objectifs commerciaux et leur cible de march\u00e9.","og_url":"https:\/\/prestigeconcepts.sn\/index.php\/audifisc\/","og_site_name":"Prestige Concepts","article_modified_time":"2024-04-29T10:48:25+00:00","og_image":[{"url":"http:\/\/demo.prestigeconcepts.sn\/wp-content\/uploads\/2024\/04\/4928-3264-AUDIFISC-scaled.jpg","type":"","width":"","height":""}],"twitter_card":"summary_large_image","schema":{"@context":"https:\/\/schema.org","@graph":[{"@type":"WebPage","@id":"https:\/\/prestigeconcepts.sn\/index.php\/audifisc\/","url":"https:\/\/prestigeconcepts.sn\/index.php\/audifisc\/","name":"AUDIFISC - Prestige Concepts","isPartOf":{"@id":"https:\/\/prestigeconcepts.sn\/#website"},"primaryImageOfPage":{"@id":"https:\/\/prestigeconcepts.sn\/index.php\/audifisc\/#primaryimage"},"image":{"@id":"https:\/\/prestigeconcepts.sn\/index.php\/audifisc\/#primaryimage"},"thumbnailUrl":"http:\/\/demo.prestigeconcepts.sn\/wp-content\/uploads\/2024\/04\/4928-3264-AUDIFISC-scaled.jpg","datePublished":"2024-04-25T13:51:09+00:00","dateModified":"2024-04-29T10:48:25+00:00","description":"Nous sommes une agence de conseil 360\u00b0, sp\u00e9cialis\u00e9e en strat\u00e9gie marketing et communication. Nous accompagnons les entreprises dans l\u2019\u00e9laboration et la mise en place de leur strat\u00e9gie de communication en prenant en compte leurs objectifs commerciaux et leur cible de march\u00e9.","breadcrumb":{"@id":"https:\/\/prestigeconcepts.sn\/index.php\/audifisc\/#breadcrumb"},"inLanguage":"en-US","potentialAction":[{"@type":"ReadAction","target":["https:\/\/prestigeconcepts.sn\/index.php\/audifisc\/"]}]},{"@type":"ImageObject","inLanguage":"en-US","@id":"https:\/\/prestigeconcepts.sn\/index.php\/audifisc\/#primaryimage","url":"http:\/\/demo.prestigeconcepts.sn\/wp-content\/uploads\/2024\/04\/4928-3264-AUDIFISC-scaled.jpg","contentUrl":"http:\/\/demo.prestigeconcepts.sn\/wp-content\/uploads\/2024\/04\/4928-3264-AUDIFISC-scaled.jpg"},{"@type":"BreadcrumbList","@id":"https:\/\/prestigeconcepts.sn\/index.php\/audifisc\/#breadcrumb","itemListElement":[{"@type":"ListItem","position":1,"name":"Accueil","item":"https:\/\/prestigeconcepts.sn\/"},{"@type":"ListItem","position":2,"name":"AUDIFISC"}]},{"@type":"WebSite","@id":"https:\/\/prestigeconcepts.sn\/#website","url":"https:\/\/prestigeconcepts.sn\/","name":"Prestige Concepts","description":"Agence de communication 360\u00b0 sp\u00e9cialis\u00e9e en strat\u00e9gie marketing et communication.","publisher":{"@id":"https:\/\/prestigeconcepts.sn\/#organization"},"potentialAction":[{"@type":"SearchAction","target":{"@type":"EntryPoint","urlTemplate":"https:\/\/prestigeconcepts.sn\/?s={search_term_string}"},"query-input":{"@type":"PropertyValueSpecification","valueRequired":true,"valueName":"search_term_string"}}],"inLanguage":"en-US"},{"@type":"Organization","@id":"https:\/\/prestigeconcepts.sn\/#organization","name":"Prestige Concepts","url":"https:\/\/prestigeconcepts.sn\/","logo":{"@type":"ImageObject","inLanguage":"en-US","@id":"https:\/\/prestigeconcepts.sn\/#\/schema\/logo\/image\/","url":"https:\/\/prestigeconcepts.sn\/wp-content\/uploads\/2022\/05\/LOGO-PC-CONCEPT-CONTACT3.png","contentUrl":"https:\/\/prestigeconcepts.sn\/wp-content\/uploads\/2022\/05\/LOGO-PC-CONCEPT-CONTACT3.png","width":3508,"height":2481,"caption":"Prestige Concepts"},"image":{"@id":"https:\/\/prestigeconcepts.sn\/#\/schema\/logo\/image\/"},"description":"Agence de communication 360\u00b0 sp\u00e9cialis\u00e9e en strat\u00e9gie marketing et communication.","email":"contact@prestigeconcepts.sn","telephone":"33 835 40 82 - 78 104 32 16","foundingDate":"2023-01-04","numberOfEmployees":{"@type":"QuantitativeValue","minValue":"1","maxValue":"10"}}]}},"_links":{"self":[{"href":"https:\/\/prestigeconcepts.sn\/index.php\/wp-json\/wp\/v2\/pages\/4977","targetHints":{"allow":["GET"]}}],"collection":[{"href":"https:\/\/prestigeconcepts.sn\/index.php\/wp-json\/wp\/v2\/pages"}],"about":[{"href":"https:\/\/prestigeconcepts.sn\/index.php\/wp-json\/wp\/v2\/types\/page"}],"author":[{"embeddable":true,"href":"https:\/\/prestigeconcepts.sn\/index.php\/wp-json\/wp\/v2\/users\/1"}],"replies":[{"embeddable":true,"href":"https:\/\/prestigeconcepts.sn\/index.php\/wp-json\/wp\/v2\/comments?post=4977"}],"version-history":[{"count":6,"href":"https:\/\/prestigeconcepts.sn\/index.php\/wp-json\/wp\/v2\/pages\/4977\/revisions"}],"predecessor-version":[{"id":4996,"href":"https:\/\/prestigeconcepts.sn\/index.php\/wp-json\/wp\/v2\/pages\/4977\/revisions\/4996"}],"wp:attachment":[{"href":"https:\/\/prestigeconcepts.sn\/index.php\/wp-json\/wp\/v2\/media?parent=4977"}],"curies":[{"name":"wp","href":"https:\/\/api.w.org\/{rel}","templated":true}]}}