{"id":4437,"date":"2024-03-03T23:38:00","date_gmt":"2024-03-03T22:38:00","guid":{"rendered":"http:\/\/demo.prestigeconcepts.sn\/?page_id=4437"},"modified":"2024-04-22T01:12:29","modified_gmt":"2024-04-21T23:12:29","slug":"identite-visuelle-teranga","status":"publish","type":"page","link":"https:\/\/prestigeconcepts.sn\/index.php\/identite-visuelle-teranga\/","title":{"rendered":"Identit\u00e9 visuelle\u00a0Teranga"},"content":{"rendered":"\t\t<div data-elementor-type=\"wp-page\" data-elementor-id=\"4437\" class=\"elementor elementor-4437\" data-elementor-post-type=\"page\">\n\t\t\t\t\t\t<section class=\"elementor-section elementor-top-section elementor-element elementor-element-16ce0792 elementor-section-boxed elementor-section-height-default elementor-section-height-default\" data-id=\"16ce0792\" data-element_type=\"section\" id=\"xs_testi_6\" data-settings=\"{&quot;background_background&quot;:&quot;classic&quot;}\">\n\t\t\t\t\t\t<div class=\"elementor-container elementor-column-gap-default\">\n\t\t\t\t\t<div class=\"elementor-column elementor-col-100 elementor-top-column elementor-element elementor-element-26c018d9\" data-id=\"26c018d9\" data-element_type=\"column\">\n\t\t\t<div class=\"elementor-widget-wrap elementor-element-populated\">\n\t\t\t\t\t\t<section class=\"elementor-section elementor-inner-section elementor-element elementor-element-4edb1040 elementor-section-boxed elementor-section-height-default elementor-section-height-default\" data-id=\"4edb1040\" data-element_type=\"section\">\n\t\t\t\t\t\t<div class=\"elementor-container elementor-column-gap-default\">\n\t\t\t\t\t<div class=\"elementor-column elementor-col-100 elementor-inner-column elementor-element elementor-element-7e949192\" data-id=\"7e949192\" data-element_type=\"column\">\n\t\t\t<div class=\"elementor-widget-wrap elementor-element-populated\">\n\t\t\t\t\t\t<div class=\"elementor-element elementor-element-271bf1a8 elementor-widget elementor-widget-elementskit-heading\" data-id=\"271bf1a8\" data-element_type=\"widget\" data-widget_type=\"elementskit-heading.default\">\n\t\t\t\t<div class=\"elementor-widget-container\">\n\t\t\t<div class=\"ekit-wid-con\" ><div class=\"ekit-heading elementskit-section-title-wraper center   ekit_heading_tablet-   ekit_heading_mobile-\"><h3 class=\"ekit-heading--title elementskit-section-title \">Teranga Architecture<\/h3><div class=\"ekit_heading_separetor_wraper ekit_heading_elementskit-border-divider\"><div class=\"elementskit-border-divider\"><\/div><\/div>\t\t\t\t<div class='ekit-heading__description'>\n\t\t\t\t\t<p>Services :<br \/>Branding<br \/>Identit\u00e9 visuelle<br \/>Website<br \/>Communication social media<\/p>\n\t\t\t\t<\/div>\n\t\t\t<\/div><\/div>\t\t<\/div>\n\t\t\t\t<\/div>\n\t\t\t\t\t<\/div>\n\t\t<\/div>\n\t\t\t\t\t<\/div>\n\t\t<\/section>\n\t\t\t\t<section class=\"elementor-section elementor-inner-section elementor-element elementor-element-3a9c543 elementor-section-boxed elementor-section-height-default elementor-section-height-default\" data-id=\"3a9c543\" data-element_type=\"section\">\n\t\t\t\t\t\t<div class=\"elementor-container elementor-column-gap-default\">\n\t\t\t\t\t<div class=\"elementor-column elementor-col-100 elementor-inner-column elementor-element elementor-element-1f7bcb26\" data-id=\"1f7bcb26\" data-element_type=\"column\">\n\t\t\t<div class=\"elementor-widget-wrap elementor-element-populated\">\n\t\t\t\t\t\t<div class=\"elementor-element elementor-element-72a51017 elementor-arrows-position-inside elementor-widget elementor-widget-image-carousel\" data-id=\"72a51017\" data-element_type=\"widget\" data-settings=\"{&quot;slides_to_show&quot;:&quot;1&quot;,&quot;navigation&quot;:&quot;arrows&quot;,&quot;autoplay&quot;:&quot;yes&quot;,&quot;pause_on_hover&quot;:&quot;yes&quot;,&quot;pause_on_interaction&quot;:&quot;yes&quot;,&quot;autoplay_speed&quot;:5000,&quot;infinite&quot;:&quot;yes&quot;,&quot;effect&quot;:&quot;slide&quot;,&quot;speed&quot;:500}\" data-widget_type=\"image-carousel.default\">\n\t\t\t\t<div class=\"elementor-widget-container\">\n\t\t\t\t\t<div class=\"elementor-image-carousel-wrapper swiper\" dir=\"ltr\">\n\t\t\t<div class=\"elementor-image-carousel swiper-wrapper\" aria-live=\"off\">\n\t\t\t\t\t\t\t\t<div class=\"swiper-slide\" role=\"group\" aria-roledescription=\"slide\" aria-label=\"1 of 1\"><figure class=\"swiper-slide-inner\"><img decoding=\"async\" class=\"swiper-slide-image\" src=\"https:\/\/prestigeconcepts.sn\/wp-content\/uploads\/2024\/03\/TA-4928-3264-scaled.jpg\" alt=\"TA-4928-3264\" \/><\/figure><\/div>\t\t\t<\/div>\n\t\t\t\t\t<\/div>\n\t\t\t\t<\/div>\n\t\t\t\t<\/div>\n\t\t\t\t\t<\/div>\n\t\t<\/div>\n\t\t\t\t\t<\/div>\n\t\t<\/section>\n\t\t\t\t\t<\/div>\n\t\t<\/div>\n\t\t\t\t\t<\/div>\n\t\t<\/section>\n\t\t\t\t<\/div>\n\t\t","protected":false},"excerpt":{"rendered":"<p>Teranga Architecture Services :BrandingIdentit\u00e9 visuelleWebsiteCommunication social media<\/p>\n","protected":false},"author":1,"featured_media":0,"parent":0,"menu_order":0,"comment_status":"closed","ping_status":"closed","template":"elementor_header_footer","meta":{"_acf_changed":false,"footnotes":""},"class_list":["post-4437","page","type-page","status-publish","hentry"],"acf":[],"yoast_head":"<!-- This site is optimized with the Yoast SEO Premium plugin v22.5 (Yoast SEO v24.0) - https:\/\/yoast.com\/wordpress\/plugins\/seo\/ -->\n<title>Identit\u00e9 visuelle\u00a0Teranga - Prestige Concepts<\/title>\n<meta name=\"description\" content=\"Nous sommes une agence de conseil 360\u00b0, sp\u00e9cialis\u00e9e en strat\u00e9gie marketing et communication. Nous accompagnons les entreprises dans l\u2019\u00e9laboration et la mise en place de leur strat\u00e9gie de communication en prenant en compte leurs objectifs commerciaux et leur cible de march\u00e9.\" \/>\n<meta name=\"robots\" content=\"index, follow, max-snippet:-1, max-image-preview:large, max-video-preview:-1\" \/>\n<link rel=\"canonical\" href=\"https:\/\/prestigeconcepts.sn\/index.php\/identite-visuelle-teranga\/\" \/>\n<meta property=\"og:locale\" content=\"en_US\" \/>\n<meta property=\"og:type\" content=\"article\" \/>\n<meta property=\"og:title\" content=\"Identit\u00e9 visuelle\u00a0Teranga\" \/>\n<meta property=\"og:description\" content=\"Nous sommes une agence de conseil 360\u00b0, sp\u00e9cialis\u00e9e en strat\u00e9gie marketing et communication. Nous accompagnons les entreprises dans l\u2019\u00e9laboration et la mise en place de leur strat\u00e9gie de communication en prenant en compte leurs objectifs commerciaux et leur cible de march\u00e9.\" \/>\n<meta property=\"og:url\" content=\"https:\/\/prestigeconcepts.sn\/index.php\/identite-visuelle-teranga\/\" \/>\n<meta property=\"og:site_name\" content=\"Prestige Concepts\" \/>\n<meta property=\"article:modified_time\" content=\"2024-04-21T23:12:29+00:00\" \/>\n<meta property=\"og:image\" content=\"http:\/\/demo.prestigeconcepts.sn\/wp-content\/uploads\/2024\/03\/TA-4928-3264-scaled.jpg\" \/>\n<meta name=\"twitter:card\" content=\"summary_large_image\" \/>\n<script type=\"application\/ld+json\" class=\"yoast-schema-graph\">{\"@context\":\"https:\/\/schema.org\",\"@graph\":[{\"@type\":\"WebPage\",\"@id\":\"https:\/\/prestigeconcepts.sn\/index.php\/identite-visuelle-teranga\/\",\"url\":\"https:\/\/prestigeconcepts.sn\/index.php\/identite-visuelle-teranga\/\",\"name\":\"Identit\u00e9 visuelle\u00a0Teranga - Prestige Concepts\",\"isPartOf\":{\"@id\":\"https:\/\/prestigeconcepts.sn\/#website\"},\"primaryImageOfPage\":{\"@id\":\"https:\/\/prestigeconcepts.sn\/index.php\/identite-visuelle-teranga\/#primaryimage\"},\"image\":{\"@id\":\"https:\/\/prestigeconcepts.sn\/index.php\/identite-visuelle-teranga\/#primaryimage\"},\"thumbnailUrl\":\"http:\/\/demo.prestigeconcepts.sn\/wp-content\/uploads\/2024\/03\/TA-4928-3264-scaled.jpg\",\"datePublished\":\"2024-03-03T22:38:00+00:00\",\"dateModified\":\"2024-04-21T23:12:29+00:00\",\"description\":\"Nous sommes une agence de conseil 360\u00b0, sp\u00e9cialis\u00e9e en strat\u00e9gie marketing et communication. Nous accompagnons les entreprises dans l\u2019\u00e9laboration et la mise en place de leur strat\u00e9gie de communication en prenant en compte leurs objectifs commerciaux et leur cible de march\u00e9.\",\"breadcrumb\":{\"@id\":\"https:\/\/prestigeconcepts.sn\/index.php\/identite-visuelle-teranga\/#breadcrumb\"},\"inLanguage\":\"en-US\",\"potentialAction\":[{\"@type\":\"ReadAction\",\"target\":[\"https:\/\/prestigeconcepts.sn\/index.php\/identite-visuelle-teranga\/\"]}]},{\"@type\":\"ImageObject\",\"inLanguage\":\"en-US\",\"@id\":\"https:\/\/prestigeconcepts.sn\/index.php\/identite-visuelle-teranga\/#primaryimage\",\"url\":\"http:\/\/demo.prestigeconcepts.sn\/wp-content\/uploads\/2024\/03\/TA-4928-3264-scaled.jpg\",\"contentUrl\":\"http:\/\/demo.prestigeconcepts.sn\/wp-content\/uploads\/2024\/03\/TA-4928-3264-scaled.jpg\"},{\"@type\":\"BreadcrumbList\",\"@id\":\"https:\/\/prestigeconcepts.sn\/index.php\/identite-visuelle-teranga\/#breadcrumb\",\"itemListElement\":[{\"@type\":\"ListItem\",\"position\":1,\"name\":\"Accueil\",\"item\":\"https:\/\/prestigeconcepts.sn\/\"},{\"@type\":\"ListItem\",\"position\":2,\"name\":\"Identit\u00e9 visuelle\u00a0Teranga\"}]},{\"@type\":\"WebSite\",\"@id\":\"https:\/\/prestigeconcepts.sn\/#website\",\"url\":\"https:\/\/prestigeconcepts.sn\/\",\"name\":\"Prestige Concepts\",\"description\":\"Agence de communication 360\u00b0 sp\u00e9cialis\u00e9e en strat\u00e9gie marketing et communication.\",\"publisher\":{\"@id\":\"https:\/\/prestigeconcepts.sn\/#organization\"},\"potentialAction\":[{\"@type\":\"SearchAction\",\"target\":{\"@type\":\"EntryPoint\",\"urlTemplate\":\"https:\/\/prestigeconcepts.sn\/?s={search_term_string}\"},\"query-input\":{\"@type\":\"PropertyValueSpecification\",\"valueRequired\":true,\"valueName\":\"search_term_string\"}}],\"inLanguage\":\"en-US\"},{\"@type\":\"Organization\",\"@id\":\"https:\/\/prestigeconcepts.sn\/#organization\",\"name\":\"Prestige Concepts\",\"url\":\"https:\/\/prestigeconcepts.sn\/\",\"logo\":{\"@type\":\"ImageObject\",\"inLanguage\":\"en-US\",\"@id\":\"https:\/\/prestigeconcepts.sn\/#\/schema\/logo\/image\/\",\"url\":\"https:\/\/prestigeconcepts.sn\/wp-content\/uploads\/2022\/05\/LOGO-PC-CONCEPT-CONTACT3.png\",\"contentUrl\":\"https:\/\/prestigeconcepts.sn\/wp-content\/uploads\/2022\/05\/LOGO-PC-CONCEPT-CONTACT3.png\",\"width\":3508,\"height\":2481,\"caption\":\"Prestige Concepts\"},\"image\":{\"@id\":\"https:\/\/prestigeconcepts.sn\/#\/schema\/logo\/image\/\"},\"description\":\"Agence de communication 360\u00b0 sp\u00e9cialis\u00e9e en strat\u00e9gie marketing et communication.\",\"email\":\"contact@prestigeconcepts.sn\",\"telephone\":\"33 835 40 82 - 78 104 32 16\",\"foundingDate\":\"2023-01-04\",\"numberOfEmployees\":{\"@type\":\"QuantitativeValue\",\"minValue\":\"1\",\"maxValue\":\"10\"}}]}<\/script>\n<!-- \/ Yoast SEO Premium plugin. -->","yoast_head_json":{"title":"Identit\u00e9 visuelle\u00a0Teranga - Prestige Concepts","description":"Nous sommes une agence de conseil 360\u00b0, sp\u00e9cialis\u00e9e en strat\u00e9gie marketing et communication. Nous accompagnons les entreprises dans l\u2019\u00e9laboration et la mise en place de leur strat\u00e9gie de communication en prenant en compte leurs objectifs commerciaux et leur cible de march\u00e9.","robots":{"index":"index","follow":"follow","max-snippet":"max-snippet:-1","max-image-preview":"max-image-preview:large","max-video-preview":"max-video-preview:-1"},"canonical":"https:\/\/prestigeconcepts.sn\/index.php\/identite-visuelle-teranga\/","og_locale":"en_US","og_type":"article","og_title":"Identit\u00e9 visuelle\u00a0Teranga","og_description":"Nous sommes une agence de conseil 360\u00b0, sp\u00e9cialis\u00e9e en strat\u00e9gie marketing et communication. Nous accompagnons les entreprises dans l\u2019\u00e9laboration et la mise en place de leur strat\u00e9gie de communication en prenant en compte leurs objectifs commerciaux et leur cible de march\u00e9.","og_url":"https:\/\/prestigeconcepts.sn\/index.php\/identite-visuelle-teranga\/","og_site_name":"Prestige Concepts","article_modified_time":"2024-04-21T23:12:29+00:00","og_image":[{"url":"http:\/\/demo.prestigeconcepts.sn\/wp-content\/uploads\/2024\/03\/TA-4928-3264-scaled.jpg","type":"","width":"","height":""}],"twitter_card":"summary_large_image","schema":{"@context":"https:\/\/schema.org","@graph":[{"@type":"WebPage","@id":"https:\/\/prestigeconcepts.sn\/index.php\/identite-visuelle-teranga\/","url":"https:\/\/prestigeconcepts.sn\/index.php\/identite-visuelle-teranga\/","name":"Identit\u00e9 visuelle\u00a0Teranga - Prestige Concepts","isPartOf":{"@id":"https:\/\/prestigeconcepts.sn\/#website"},"primaryImageOfPage":{"@id":"https:\/\/prestigeconcepts.sn\/index.php\/identite-visuelle-teranga\/#primaryimage"},"image":{"@id":"https:\/\/prestigeconcepts.sn\/index.php\/identite-visuelle-teranga\/#primaryimage"},"thumbnailUrl":"http:\/\/demo.prestigeconcepts.sn\/wp-content\/uploads\/2024\/03\/TA-4928-3264-scaled.jpg","datePublished":"2024-03-03T22:38:00+00:00","dateModified":"2024-04-21T23:12:29+00:00","description":"Nous sommes une agence de conseil 360\u00b0, sp\u00e9cialis\u00e9e en strat\u00e9gie marketing et communication. Nous accompagnons les entreprises dans l\u2019\u00e9laboration et la mise en place de leur strat\u00e9gie de communication en prenant en compte leurs objectifs commerciaux et leur cible de march\u00e9.","breadcrumb":{"@id":"https:\/\/prestigeconcepts.sn\/index.php\/identite-visuelle-teranga\/#breadcrumb"},"inLanguage":"en-US","potentialAction":[{"@type":"ReadAction","target":["https:\/\/prestigeconcepts.sn\/index.php\/identite-visuelle-teranga\/"]}]},{"@type":"ImageObject","inLanguage":"en-US","@id":"https:\/\/prestigeconcepts.sn\/index.php\/identite-visuelle-teranga\/#primaryimage","url":"http:\/\/demo.prestigeconcepts.sn\/wp-content\/uploads\/2024\/03\/TA-4928-3264-scaled.jpg","contentUrl":"http:\/\/demo.prestigeconcepts.sn\/wp-content\/uploads\/2024\/03\/TA-4928-3264-scaled.jpg"},{"@type":"BreadcrumbList","@id":"https:\/\/prestigeconcepts.sn\/index.php\/identite-visuelle-teranga\/#breadcrumb","itemListElement":[{"@type":"ListItem","position":1,"name":"Accueil","item":"https:\/\/prestigeconcepts.sn\/"},{"@type":"ListItem","position":2,"name":"Identit\u00e9 visuelle\u00a0Teranga"}]},{"@type":"WebSite","@id":"https:\/\/prestigeconcepts.sn\/#website","url":"https:\/\/prestigeconcepts.sn\/","name":"Prestige Concepts","description":"Agence de communication 360\u00b0 sp\u00e9cialis\u00e9e en strat\u00e9gie marketing et communication.","publisher":{"@id":"https:\/\/prestigeconcepts.sn\/#organization"},"potentialAction":[{"@type":"SearchAction","target":{"@type":"EntryPoint","urlTemplate":"https:\/\/prestigeconcepts.sn\/?s={search_term_string}"},"query-input":{"@type":"PropertyValueSpecification","valueRequired":true,"valueName":"search_term_string"}}],"inLanguage":"en-US"},{"@type":"Organization","@id":"https:\/\/prestigeconcepts.sn\/#organization","name":"Prestige Concepts","url":"https:\/\/prestigeconcepts.sn\/","logo":{"@type":"ImageObject","inLanguage":"en-US","@id":"https:\/\/prestigeconcepts.sn\/#\/schema\/logo\/image\/","url":"https:\/\/prestigeconcepts.sn\/wp-content\/uploads\/2022\/05\/LOGO-PC-CONCEPT-CONTACT3.png","contentUrl":"https:\/\/prestigeconcepts.sn\/wp-content\/uploads\/2022\/05\/LOGO-PC-CONCEPT-CONTACT3.png","width":3508,"height":2481,"caption":"Prestige Concepts"},"image":{"@id":"https:\/\/prestigeconcepts.sn\/#\/schema\/logo\/image\/"},"description":"Agence de communication 360\u00b0 sp\u00e9cialis\u00e9e en strat\u00e9gie marketing et communication.","email":"contact@prestigeconcepts.sn","telephone":"33 835 40 82 - 78 104 32 16","foundingDate":"2023-01-04","numberOfEmployees":{"@type":"QuantitativeValue","minValue":"1","maxValue":"10"}}]}},"_links":{"self":[{"href":"https:\/\/prestigeconcepts.sn\/index.php\/wp-json\/wp\/v2\/pages\/4437","targetHints":{"allow":["GET"]}}],"collection":[{"href":"https:\/\/prestigeconcepts.sn\/index.php\/wp-json\/wp\/v2\/pages"}],"about":[{"href":"https:\/\/prestigeconcepts.sn\/index.php\/wp-json\/wp\/v2\/types\/page"}],"author":[{"embeddable":true,"href":"https:\/\/prestigeconcepts.sn\/index.php\/wp-json\/wp\/v2\/users\/1"}],"replies":[{"embeddable":true,"href":"https:\/\/prestigeconcepts.sn\/index.php\/wp-json\/wp\/v2\/comments?post=4437"}],"version-history":[{"count":6,"href":"https:\/\/prestigeconcepts.sn\/index.php\/wp-json\/wp\/v2\/pages\/4437\/revisions"}],"predecessor-version":[{"id":4916,"href":"https:\/\/prestigeconcepts.sn\/index.php\/wp-json\/wp\/v2\/pages\/4437\/revisions\/4916"}],"wp:attachment":[{"href":"https:\/\/prestigeconcepts.sn\/index.php\/wp-json\/wp\/v2\/media?parent=4437"}],"curies":[{"name":"wp","href":"https:\/\/api.w.org\/{rel}","templated":true}]}}