{"id":4170,"date":"2024-02-18T18:31:59","date_gmt":"2024-02-18T17:31:59","guid":{"rendered":"http:\/\/demo.prestigeconcepts.sn\/?page_id=4170"},"modified":"2024-05-04T16:53:38","modified_gmt":"2024-05-04T14:53:38","slug":"partout-avec-vous-partout-chez-vous","status":"publish","type":"page","link":"https:\/\/prestigeconcepts.sn\/index.php\/partout-avec-vous-partout-chez-vous\/","title":{"rendered":"PARTOUT AVEC VOUS, PARTOUT CHEZ VOUS"},"content":{"rendered":"\t\t<div data-elementor-type=\"wp-page\" data-elementor-id=\"4170\" class=\"elementor elementor-4170\" data-elementor-post-type=\"page\">\n\t\t\t\t\t\t<section class=\"elementor-section elementor-top-section elementor-element elementor-element-2f4867a8 elementor-section-boxed elementor-section-height-default elementor-section-height-default\" data-id=\"2f4867a8\" data-element_type=\"section\" id=\"xs_testi_6\" data-settings=\"{&quot;background_background&quot;:&quot;classic&quot;}\">\n\t\t\t\t\t\t<div class=\"elementor-container elementor-column-gap-default\">\n\t\t\t\t\t<div class=\"elementor-column elementor-col-100 elementor-top-column elementor-element elementor-element-1772b9a3\" data-id=\"1772b9a3\" data-element_type=\"column\">\n\t\t\t<div class=\"elementor-widget-wrap elementor-element-populated\">\n\t\t\t\t\t\t<section class=\"elementor-section elementor-inner-section elementor-element elementor-element-513debae elementor-section-boxed elementor-section-height-default elementor-section-height-default\" data-id=\"513debae\" data-element_type=\"section\">\n\t\t\t\t\t\t<div class=\"elementor-container elementor-column-gap-default\">\n\t\t\t\t\t<div class=\"elementor-column elementor-col-100 elementor-inner-column elementor-element elementor-element-f935c6b\" data-id=\"f935c6b\" data-element_type=\"column\">\n\t\t\t<div class=\"elementor-widget-wrap elementor-element-populated\">\n\t\t\t\t\t\t<div class=\"elementor-element elementor-element-1eed461d elementor-widget elementor-widget-elementskit-heading\" data-id=\"1eed461d\" data-element_type=\"widget\" data-widget_type=\"elementskit-heading.default\">\n\t\t\t\t<div class=\"elementor-widget-container\">\n\t\t\t<div class=\"ekit-wid-con\" ><div class=\"ekit-heading elementskit-section-title-wraper text_center   ekit_heading_tablet-   ekit_heading_mobile-\"><h3 class=\"ekit-heading--title elementskit-section-title \">Horizons Bleus<\/h3><div class=\"ekit_heading_separetor_wraper ekit_heading_elementskit-border-divider\"><div class=\"elementskit-border-divider\"><\/div><\/div>\t\t\t\t<div class='ekit-heading__description'>\n\t\t\t\t\t<p>Services :<br \/>Branding<br \/>Communication social media<br \/>Conseil et strat\u00e9gie<\/p>\n\t\t\t\t<\/div>\n\t\t\t<\/div><\/div>\t\t<\/div>\n\t\t\t\t<\/div>\n\t\t\t\t\t<\/div>\n\t\t<\/div>\n\t\t\t\t\t<\/div>\n\t\t<\/section>\n\t\t\t\t<section class=\"elementor-section elementor-inner-section elementor-element elementor-element-3ae046b3 elementor-section-boxed elementor-section-height-default elementor-section-height-default\" data-id=\"3ae046b3\" data-element_type=\"section\">\n\t\t\t\t\t\t<div class=\"elementor-container elementor-column-gap-default\">\n\t\t\t\t\t<div class=\"elementor-column elementor-col-100 elementor-inner-column elementor-element elementor-element-2892d27e\" data-id=\"2892d27e\" data-element_type=\"column\">\n\t\t\t<div class=\"elementor-widget-wrap elementor-element-populated\">\n\t\t\t\t\t\t<div class=\"elementor-element elementor-element-4109d25 elementor-widget elementor-widget-heading\" data-id=\"4109d25\" data-element_type=\"widget\" data-widget_type=\"heading.default\">\n\t\t\t\t<div class=\"elementor-widget-container\">\n\t\t\t<h2 class=\"elementor-heading-title elementor-size-default\">PARTOUT AVEC VOUS, PARTOUT CHEZ-VOUS<\/h2>\t\t<\/div>\n\t\t\t\t<\/div>\n\t\t\t\t<div class=\"elementor-element elementor-element-a0bcee9 elementor-widget elementor-widget-spacer\" data-id=\"a0bcee9\" data-element_type=\"widget\" data-widget_type=\"spacer.default\">\n\t\t\t\t<div class=\"elementor-widget-container\">\n\t\t\t\t\t<div class=\"elementor-spacer\">\n\t\t\t<div class=\"elementor-spacer-inner\"><\/div>\n\t\t<\/div>\n\t\t\t\t<\/div>\n\t\t\t\t<\/div>\n\t\t\t\t<div class=\"elementor-element elementor-element-730c7bd6 elementor-arrows-position-inside elementor-widget elementor-widget-image-carousel\" data-id=\"730c7bd6\" data-element_type=\"widget\" data-settings=\"{&quot;slides_to_show&quot;:&quot;1&quot;,&quot;navigation&quot;:&quot;arrows&quot;,&quot;autoplay&quot;:&quot;yes&quot;,&quot;pause_on_hover&quot;:&quot;yes&quot;,&quot;pause_on_interaction&quot;:&quot;yes&quot;,&quot;autoplay_speed&quot;:5000,&quot;infinite&quot;:&quot;yes&quot;,&quot;effect&quot;:&quot;slide&quot;,&quot;speed&quot;:500}\" data-widget_type=\"image-carousel.default\">\n\t\t\t\t<div class=\"elementor-widget-container\">\n\t\t\t\t\t<div class=\"elementor-image-carousel-wrapper swiper\" dir=\"ltr\">\n\t\t\t<div class=\"elementor-image-carousel swiper-wrapper\" aria-live=\"off\">\n\t\t\t\t\t\t\t\t<div class=\"swiper-slide\" role=\"group\" aria-roledescription=\"slide\" aria-label=\"1 of 1\"><figure class=\"swiper-slide-inner\"><img decoding=\"async\" class=\"swiper-slide-image\" src=\"https:\/\/prestigeconcepts.sn\/wp-content\/uploads\/2024\/02\/HB-4928-3264-0-scaled.jpg\" alt=\"HB-4928-3264-0\" \/><\/figure><\/div>\t\t\t<\/div>\n\t\t\t\t\t<\/div>\n\t\t\t\t<\/div>\n\t\t\t\t<\/div>\n\t\t\t\t\t<\/div>\n\t\t<\/div>\n\t\t\t\t\t<\/div>\n\t\t<\/section>\n\t\t\t\t\t<\/div>\n\t\t<\/div>\n\t\t\t\t\t<\/div>\n\t\t<\/section>\n\t\t<div class=\"elementor-element elementor-element-91c6758 e-flex e-con-boxed e-con e-parent\" data-id=\"91c6758\" data-element_type=\"container\">\n\t\t\t\t\t<div class=\"e-con-inner\">\n\t\t\t\t<div class=\"elementor-element elementor-element-a920f2d elementor-widget elementor-widget-video\" data-id=\"a920f2d\" data-element_type=\"widget\" data-settings=\"{&quot;video_type&quot;:&quot;vimeo&quot;}\" data-widget_type=\"video.default\">\n\t\t\t\t<div class=\"elementor-widget-container\">\n\t\t\t\t\t<div class=\"elementor-wrapper elementor-open-inline\">\n\t\t\t<iframe class=\"elementor-video-iframe\" allowfullscreen allow=\"clipboard-write\" title=\"vimeo Video Player\" src=\"https:\/\/player.vimeo.com\/video\/906409967?color&amp;autopause=0&amp;loop=0&amp;muted=0&amp;title=1&amp;portrait=1&amp;byline=1#t=\"><\/iframe>\t\t<\/div>\n\t\t\t\t<\/div>\n\t\t\t\t<\/div>\n\t\t\t\t\t<\/div>\n\t\t\t\t<\/div>\n\t\t<div class=\"elementor-element elementor-element-6fe1b2c e-flex e-con-boxed e-con e-parent\" data-id=\"6fe1b2c\" data-element_type=\"container\">\n\t\t\t\t\t<div class=\"e-con-inner\">\n\t\t\t\t<div class=\"elementor-element elementor-element-2e622ca elementor-widget elementor-widget-spacer\" data-id=\"2e622ca\" data-element_type=\"widget\" data-widget_type=\"spacer.default\">\n\t\t\t\t<div class=\"elementor-widget-container\">\n\t\t\t\t\t<div class=\"elementor-spacer\">\n\t\t\t<div class=\"elementor-spacer-inner\"><\/div>\n\t\t<\/div>\n\t\t\t\t<\/div>\n\t\t\t\t<\/div>\n\t\t\t\t\t<\/div>\n\t\t\t\t<\/div>\n\t\t<div class=\"elementor-element elementor-element-b8cf7cb e-flex e-con-boxed e-con e-parent\" data-id=\"b8cf7cb\" data-element_type=\"container\">\n\t\t\t\t\t<div class=\"e-con-inner\">\n\t\t\t\t<div class=\"elementor-element elementor-element-3efd1c2 elementor-widget elementor-widget-heading\" data-id=\"3efd1c2\" data-element_type=\"widget\" data-widget_type=\"heading.default\">\n\t\t\t\t<div class=\"elementor-widget-container\">\n\t\t\t<h2 class=\"elementor-heading-title elementor-size-default\">BIENVENUE CHEZ VOUS<\/h2>\t\t<\/div>\n\t\t\t\t<\/div>\n\t\t\t\t<div class=\"elementor-element elementor-element-610cd89 elementor-widget elementor-widget-spacer\" data-id=\"610cd89\" data-element_type=\"widget\" data-widget_type=\"spacer.default\">\n\t\t\t\t<div class=\"elementor-widget-container\">\n\t\t\t\t\t<div class=\"elementor-spacer\">\n\t\t\t<div class=\"elementor-spacer-inner\"><\/div>\n\t\t<\/div>\n\t\t\t\t<\/div>\n\t\t\t\t<\/div>\n\t\t\t\t<div class=\"elementor-element elementor-element-4f642ae elementor-arrows-position-inside elementor-widget elementor-widget-image-carousel\" data-id=\"4f642ae\" data-element_type=\"widget\" data-settings=\"{&quot;slides_to_show&quot;:&quot;1&quot;,&quot;navigation&quot;:&quot;arrows&quot;,&quot;autoplay&quot;:&quot;yes&quot;,&quot;pause_on_hover&quot;:&quot;yes&quot;,&quot;pause_on_interaction&quot;:&quot;yes&quot;,&quot;autoplay_speed&quot;:5000,&quot;infinite&quot;:&quot;yes&quot;,&quot;effect&quot;:&quot;slide&quot;,&quot;speed&quot;:500}\" data-widget_type=\"image-carousel.default\">\n\t\t\t\t<div class=\"elementor-widget-container\">\n\t\t\t\t\t<div class=\"elementor-image-carousel-wrapper swiper\" dir=\"ltr\">\n\t\t\t<div class=\"elementor-image-carousel swiper-wrapper\" aria-live=\"off\">\n\t\t\t\t\t\t\t\t<div class=\"swiper-slide\" role=\"group\" aria-roledescription=\"slide\" aria-label=\"1 of 1\"><figure class=\"swiper-slide-inner\"><img decoding=\"async\" class=\"swiper-slide-image\" src=\"https:\/\/prestigeconcepts.sn\/wp-content\/uploads\/2024\/03\/HB-4928-3264-2-scaled.jpg\" alt=\"HB-4928-3264-2\" \/><\/figure><\/div>\t\t\t<\/div>\n\t\t\t\t\t<\/div>\n\t\t\t\t<\/div>\n\t\t\t\t<\/div>\n\t\t\t\t\t<\/div>\n\t\t\t\t<\/div>\n\t\t<div class=\"elementor-element elementor-element-6bc6e4f e-flex e-con-boxed e-con e-parent\" data-id=\"6bc6e4f\" data-element_type=\"container\">\n\t\t\t\t\t<div class=\"e-con-inner\">\n\t\t\t\t<div class=\"elementor-element elementor-element-20c1399 elementor-widget elementor-widget-spacer\" data-id=\"20c1399\" data-element_type=\"widget\" data-widget_type=\"spacer.default\">\n\t\t\t\t<div class=\"elementor-widget-container\">\n\t\t\t\t\t<div class=\"elementor-spacer\">\n\t\t\t<div class=\"elementor-spacer-inner\"><\/div>\n\t\t<\/div>\n\t\t\t\t<\/div>\n\t\t\t\t<\/div>\n\t\t\t\t\t<\/div>\n\t\t\t\t<\/div>\n\t\t<div class=\"elementor-element elementor-element-afca318 e-flex e-con-boxed e-con e-parent\" data-id=\"afca318\" data-element_type=\"container\">\n\t\t\t\t\t<div class=\"e-con-inner\">\n\t\t\t\t<div class=\"elementor-element elementor-element-1720919 elementor-widget elementor-widget-video\" data-id=\"1720919\" data-element_type=\"widget\" data-settings=\"{&quot;video_type&quot;:&quot;vimeo&quot;}\" data-widget_type=\"video.default\">\n\t\t\t\t<div class=\"elementor-widget-container\">\n\t\t\t\t\t<div class=\"elementor-wrapper elementor-open-inline\">\n\t\t\t<iframe class=\"elementor-video-iframe\" allowfullscreen allow=\"clipboard-write\" title=\"vimeo Video Player\" src=\"https:\/\/player.vimeo.com\/video\/912945648?color&amp;autopause=0&amp;loop=0&amp;muted=0&amp;title=1&amp;portrait=1&amp;byline=1&amp;h=8826a66eac#t=\"><\/iframe>\t\t<\/div>\n\t\t\t\t<\/div>\n\t\t\t\t<\/div>\n\t\t\t\t\t<\/div>\n\t\t\t\t<\/div>\n\t\t\t\t<\/div>\n\t\t","protected":false},"excerpt":{"rendered":"<p>Horizons Bleus Services :BrandingCommunication social mediaConseil et strat\u00e9gie PARTOUT AVEC VOUS, PARTOUT CHEZ-VOUS BIENVENUE CHEZ VOUS<\/p>\n","protected":false},"author":1,"featured_media":0,"parent":0,"menu_order":0,"comment_status":"closed","ping_status":"closed","template":"elementor_header_footer","meta":{"_acf_changed":false,"footnotes":""},"class_list":["post-4170","page","type-page","status-publish","hentry"],"acf":[],"yoast_head":"<!-- This site is optimized with the Yoast SEO Premium plugin v22.5 (Yoast SEO v24.0) - https:\/\/yoast.com\/wordpress\/plugins\/seo\/ -->\n<title>PARTOUT AVEC VOUS, PARTOUT CHEZ VOUS - Prestige Concepts<\/title>\n<meta name=\"description\" content=\"Nous sommes une agence de conseil 360\u00b0, sp\u00e9cialis\u00e9e en strat\u00e9gie marketing et communication. Nous accompagnons les entreprises dans l\u2019\u00e9laboration et la mise en place de leur strat\u00e9gie de communication en prenant en compte leurs objectifs commerciaux et leur cible de march\u00e9.\" \/>\n<meta name=\"robots\" content=\"index, follow, max-snippet:-1, max-image-preview:large, max-video-preview:-1\" \/>\n<link rel=\"canonical\" href=\"https:\/\/prestigeconcepts.sn\/index.php\/partout-avec-vous-partout-chez-vous\/\" \/>\n<meta property=\"og:locale\" content=\"en_US\" \/>\n<meta property=\"og:type\" content=\"article\" \/>\n<meta property=\"og:title\" content=\"PARTOUT AVEC VOUS, PARTOUT CHEZ VOUS\" \/>\n<meta property=\"og:description\" content=\"Nous sommes une agence de conseil 360\u00b0, sp\u00e9cialis\u00e9e en strat\u00e9gie marketing et communication. Nous accompagnons les entreprises dans l\u2019\u00e9laboration et la mise en place de leur strat\u00e9gie de communication en prenant en compte leurs objectifs commerciaux et leur cible de march\u00e9.\" \/>\n<meta property=\"og:url\" content=\"https:\/\/prestigeconcepts.sn\/index.php\/partout-avec-vous-partout-chez-vous\/\" \/>\n<meta property=\"og:site_name\" content=\"Prestige Concepts\" \/>\n<meta property=\"article:modified_time\" content=\"2024-05-04T14:53:38+00:00\" \/>\n<meta property=\"og:image\" content=\"http:\/\/demo.prestigeconcepts.sn\/wp-content\/uploads\/2024\/02\/HB-4928-3264-0-scaled.jpg\" \/>\n<meta name=\"twitter:card\" content=\"summary_large_image\" \/>\n<script type=\"application\/ld+json\" class=\"yoast-schema-graph\">{\"@context\":\"https:\/\/schema.org\",\"@graph\":[{\"@type\":\"WebPage\",\"@id\":\"https:\/\/prestigeconcepts.sn\/index.php\/partout-avec-vous-partout-chez-vous\/\",\"url\":\"https:\/\/prestigeconcepts.sn\/index.php\/partout-avec-vous-partout-chez-vous\/\",\"name\":\"PARTOUT AVEC VOUS, PARTOUT CHEZ VOUS - Prestige Concepts\",\"isPartOf\":{\"@id\":\"https:\/\/prestigeconcepts.sn\/#website\"},\"primaryImageOfPage\":{\"@id\":\"https:\/\/prestigeconcepts.sn\/index.php\/partout-avec-vous-partout-chez-vous\/#primaryimage\"},\"image\":{\"@id\":\"https:\/\/prestigeconcepts.sn\/index.php\/partout-avec-vous-partout-chez-vous\/#primaryimage\"},\"thumbnailUrl\":\"http:\/\/demo.prestigeconcepts.sn\/wp-content\/uploads\/2024\/02\/HB-4928-3264-0-scaled.jpg\",\"datePublished\":\"2024-02-18T17:31:59+00:00\",\"dateModified\":\"2024-05-04T14:53:38+00:00\",\"description\":\"Nous sommes une agence de conseil 360\u00b0, sp\u00e9cialis\u00e9e en strat\u00e9gie marketing et communication. Nous accompagnons les entreprises dans l\u2019\u00e9laboration et la mise en place de leur strat\u00e9gie de communication en prenant en compte leurs objectifs commerciaux et leur cible de march\u00e9.\",\"breadcrumb\":{\"@id\":\"https:\/\/prestigeconcepts.sn\/index.php\/partout-avec-vous-partout-chez-vous\/#breadcrumb\"},\"inLanguage\":\"en-US\",\"potentialAction\":[{\"@type\":\"ReadAction\",\"target\":[\"https:\/\/prestigeconcepts.sn\/index.php\/partout-avec-vous-partout-chez-vous\/\"]}]},{\"@type\":\"ImageObject\",\"inLanguage\":\"en-US\",\"@id\":\"https:\/\/prestigeconcepts.sn\/index.php\/partout-avec-vous-partout-chez-vous\/#primaryimage\",\"url\":\"http:\/\/demo.prestigeconcepts.sn\/wp-content\/uploads\/2024\/02\/HB-4928-3264-0-scaled.jpg\",\"contentUrl\":\"http:\/\/demo.prestigeconcepts.sn\/wp-content\/uploads\/2024\/02\/HB-4928-3264-0-scaled.jpg\"},{\"@type\":\"BreadcrumbList\",\"@id\":\"https:\/\/prestigeconcepts.sn\/index.php\/partout-avec-vous-partout-chez-vous\/#breadcrumb\",\"itemListElement\":[{\"@type\":\"ListItem\",\"position\":1,\"name\":\"Accueil\",\"item\":\"https:\/\/prestigeconcepts.sn\/\"},{\"@type\":\"ListItem\",\"position\":2,\"name\":\"PARTOUT AVEC VOUS, PARTOUT CHEZ VOUS\"}]},{\"@type\":\"WebSite\",\"@id\":\"https:\/\/prestigeconcepts.sn\/#website\",\"url\":\"https:\/\/prestigeconcepts.sn\/\",\"name\":\"Prestige Concepts\",\"description\":\"Agence de communication 360\u00b0 sp\u00e9cialis\u00e9e en strat\u00e9gie marketing et communication.\",\"publisher\":{\"@id\":\"https:\/\/prestigeconcepts.sn\/#organization\"},\"potentialAction\":[{\"@type\":\"SearchAction\",\"target\":{\"@type\":\"EntryPoint\",\"urlTemplate\":\"https:\/\/prestigeconcepts.sn\/?s={search_term_string}\"},\"query-input\":{\"@type\":\"PropertyValueSpecification\",\"valueRequired\":true,\"valueName\":\"search_term_string\"}}],\"inLanguage\":\"en-US\"},{\"@type\":\"Organization\",\"@id\":\"https:\/\/prestigeconcepts.sn\/#organization\",\"name\":\"Prestige Concepts\",\"url\":\"https:\/\/prestigeconcepts.sn\/\",\"logo\":{\"@type\":\"ImageObject\",\"inLanguage\":\"en-US\",\"@id\":\"https:\/\/prestigeconcepts.sn\/#\/schema\/logo\/image\/\",\"url\":\"https:\/\/prestigeconcepts.sn\/wp-content\/uploads\/2022\/05\/LOGO-PC-CONCEPT-CONTACT3.png\",\"contentUrl\":\"https:\/\/prestigeconcepts.sn\/wp-content\/uploads\/2022\/05\/LOGO-PC-CONCEPT-CONTACT3.png\",\"width\":3508,\"height\":2481,\"caption\":\"Prestige Concepts\"},\"image\":{\"@id\":\"https:\/\/prestigeconcepts.sn\/#\/schema\/logo\/image\/\"},\"description\":\"Agence de communication 360\u00b0 sp\u00e9cialis\u00e9e en strat\u00e9gie marketing et communication.\",\"email\":\"contact@prestigeconcepts.sn\",\"telephone\":\"33 835 40 82 - 78 104 32 16\",\"foundingDate\":\"2023-01-04\",\"numberOfEmployees\":{\"@type\":\"QuantitativeValue\",\"minValue\":\"1\",\"maxValue\":\"10\"}}]}<\/script>\n<!-- \/ Yoast SEO Premium plugin. -->","yoast_head_json":{"title":"PARTOUT AVEC VOUS, PARTOUT CHEZ VOUS - Prestige Concepts","description":"Nous sommes une agence de conseil 360\u00b0, sp\u00e9cialis\u00e9e en strat\u00e9gie marketing et communication. Nous accompagnons les entreprises dans l\u2019\u00e9laboration et la mise en place de leur strat\u00e9gie de communication en prenant en compte leurs objectifs commerciaux et leur cible de march\u00e9.","robots":{"index":"index","follow":"follow","max-snippet":"max-snippet:-1","max-image-preview":"max-image-preview:large","max-video-preview":"max-video-preview:-1"},"canonical":"https:\/\/prestigeconcepts.sn\/index.php\/partout-avec-vous-partout-chez-vous\/","og_locale":"en_US","og_type":"article","og_title":"PARTOUT AVEC VOUS, PARTOUT CHEZ VOUS","og_description":"Nous sommes une agence de conseil 360\u00b0, sp\u00e9cialis\u00e9e en strat\u00e9gie marketing et communication. Nous accompagnons les entreprises dans l\u2019\u00e9laboration et la mise en place de leur strat\u00e9gie de communication en prenant en compte leurs objectifs commerciaux et leur cible de march\u00e9.","og_url":"https:\/\/prestigeconcepts.sn\/index.php\/partout-avec-vous-partout-chez-vous\/","og_site_name":"Prestige Concepts","article_modified_time":"2024-05-04T14:53:38+00:00","og_image":[{"url":"http:\/\/demo.prestigeconcepts.sn\/wp-content\/uploads\/2024\/02\/HB-4928-3264-0-scaled.jpg","type":"","width":"","height":""}],"twitter_card":"summary_large_image","schema":{"@context":"https:\/\/schema.org","@graph":[{"@type":"WebPage","@id":"https:\/\/prestigeconcepts.sn\/index.php\/partout-avec-vous-partout-chez-vous\/","url":"https:\/\/prestigeconcepts.sn\/index.php\/partout-avec-vous-partout-chez-vous\/","name":"PARTOUT AVEC VOUS, PARTOUT CHEZ VOUS - Prestige Concepts","isPartOf":{"@id":"https:\/\/prestigeconcepts.sn\/#website"},"primaryImageOfPage":{"@id":"https:\/\/prestigeconcepts.sn\/index.php\/partout-avec-vous-partout-chez-vous\/#primaryimage"},"image":{"@id":"https:\/\/prestigeconcepts.sn\/index.php\/partout-avec-vous-partout-chez-vous\/#primaryimage"},"thumbnailUrl":"http:\/\/demo.prestigeconcepts.sn\/wp-content\/uploads\/2024\/02\/HB-4928-3264-0-scaled.jpg","datePublished":"2024-02-18T17:31:59+00:00","dateModified":"2024-05-04T14:53:38+00:00","description":"Nous sommes une agence de conseil 360\u00b0, sp\u00e9cialis\u00e9e en strat\u00e9gie marketing et communication. Nous accompagnons les entreprises dans l\u2019\u00e9laboration et la mise en place de leur strat\u00e9gie de communication en prenant en compte leurs objectifs commerciaux et leur cible de march\u00e9.","breadcrumb":{"@id":"https:\/\/prestigeconcepts.sn\/index.php\/partout-avec-vous-partout-chez-vous\/#breadcrumb"},"inLanguage":"en-US","potentialAction":[{"@type":"ReadAction","target":["https:\/\/prestigeconcepts.sn\/index.php\/partout-avec-vous-partout-chez-vous\/"]}]},{"@type":"ImageObject","inLanguage":"en-US","@id":"https:\/\/prestigeconcepts.sn\/index.php\/partout-avec-vous-partout-chez-vous\/#primaryimage","url":"http:\/\/demo.prestigeconcepts.sn\/wp-content\/uploads\/2024\/02\/HB-4928-3264-0-scaled.jpg","contentUrl":"http:\/\/demo.prestigeconcepts.sn\/wp-content\/uploads\/2024\/02\/HB-4928-3264-0-scaled.jpg"},{"@type":"BreadcrumbList","@id":"https:\/\/prestigeconcepts.sn\/index.php\/partout-avec-vous-partout-chez-vous\/#breadcrumb","itemListElement":[{"@type":"ListItem","position":1,"name":"Accueil","item":"https:\/\/prestigeconcepts.sn\/"},{"@type":"ListItem","position":2,"name":"PARTOUT AVEC VOUS, PARTOUT CHEZ VOUS"}]},{"@type":"WebSite","@id":"https:\/\/prestigeconcepts.sn\/#website","url":"https:\/\/prestigeconcepts.sn\/","name":"Prestige Concepts","description":"Agence de communication 360\u00b0 sp\u00e9cialis\u00e9e en strat\u00e9gie marketing et communication.","publisher":{"@id":"https:\/\/prestigeconcepts.sn\/#organization"},"potentialAction":[{"@type":"SearchAction","target":{"@type":"EntryPoint","urlTemplate":"https:\/\/prestigeconcepts.sn\/?s={search_term_string}"},"query-input":{"@type":"PropertyValueSpecification","valueRequired":true,"valueName":"search_term_string"}}],"inLanguage":"en-US"},{"@type":"Organization","@id":"https:\/\/prestigeconcepts.sn\/#organization","name":"Prestige Concepts","url":"https:\/\/prestigeconcepts.sn\/","logo":{"@type":"ImageObject","inLanguage":"en-US","@id":"https:\/\/prestigeconcepts.sn\/#\/schema\/logo\/image\/","url":"https:\/\/prestigeconcepts.sn\/wp-content\/uploads\/2022\/05\/LOGO-PC-CONCEPT-CONTACT3.png","contentUrl":"https:\/\/prestigeconcepts.sn\/wp-content\/uploads\/2022\/05\/LOGO-PC-CONCEPT-CONTACT3.png","width":3508,"height":2481,"caption":"Prestige Concepts"},"image":{"@id":"https:\/\/prestigeconcepts.sn\/#\/schema\/logo\/image\/"},"description":"Agence de communication 360\u00b0 sp\u00e9cialis\u00e9e en strat\u00e9gie marketing et communication.","email":"contact@prestigeconcepts.sn","telephone":"33 835 40 82 - 78 104 32 16","foundingDate":"2023-01-04","numberOfEmployees":{"@type":"QuantitativeValue","minValue":"1","maxValue":"10"}}]}},"_links":{"self":[{"href":"https:\/\/prestigeconcepts.sn\/index.php\/wp-json\/wp\/v2\/pages\/4170","targetHints":{"allow":["GET"]}}],"collection":[{"href":"https:\/\/prestigeconcepts.sn\/index.php\/wp-json\/wp\/v2\/pages"}],"about":[{"href":"https:\/\/prestigeconcepts.sn\/index.php\/wp-json\/wp\/v2\/types\/page"}],"author":[{"embeddable":true,"href":"https:\/\/prestigeconcepts.sn\/index.php\/wp-json\/wp\/v2\/users\/1"}],"replies":[{"embeddable":true,"href":"https:\/\/prestigeconcepts.sn\/index.php\/wp-json\/wp\/v2\/comments?post=4170"}],"version-history":[{"count":45,"href":"https:\/\/prestigeconcepts.sn\/index.php\/wp-json\/wp\/v2\/pages\/4170\/revisions"}],"predecessor-version":[{"id":5025,"href":"https:\/\/prestigeconcepts.sn\/index.php\/wp-json\/wp\/v2\/pages\/4170\/revisions\/5025"}],"wp:attachment":[{"href":"https:\/\/prestigeconcepts.sn\/index.php\/wp-json\/wp\/v2\/media?parent=4170"}],"curies":[{"name":"wp","href":"https:\/\/api.w.org\/{rel}","templated":true}]}}