{"id":4081,"date":"2024-02-18T01:16:30","date_gmt":"2024-02-18T00:16:30","guid":{"rendered":"http:\/\/demo.prestigeconcepts.sn\/?page_id=4081"},"modified":"2024-04-24T01:50:10","modified_gmt":"2024-04-23T23:50:10","slug":"projet-phard","status":"publish","type":"page","link":"https:\/\/prestigeconcepts.sn\/index.php\/projet-phard\/","title":{"rendered":"Projet PHARD"},"content":{"rendered":"\t\t<div data-elementor-type=\"wp-page\" data-elementor-id=\"4081\" class=\"elementor elementor-4081\" data-elementor-post-type=\"page\">\n\t\t\t\t\t\t<section class=\"elementor-section elementor-top-section elementor-element elementor-element-6e1941e6 elementor-section-boxed elementor-section-height-default elementor-section-height-default\" data-id=\"6e1941e6\" data-element_type=\"section\" id=\"xs_testi_6\" data-settings=\"{&quot;background_background&quot;:&quot;classic&quot;}\">\n\t\t\t\t\t\t<div class=\"elementor-container elementor-column-gap-default\">\n\t\t\t\t\t<div class=\"elementor-column elementor-col-100 elementor-top-column elementor-element elementor-element-74bdcc32\" data-id=\"74bdcc32\" data-element_type=\"column\">\n\t\t\t<div class=\"elementor-widget-wrap elementor-element-populated\">\n\t\t\t\t\t\t<section class=\"elementor-section elementor-inner-section elementor-element elementor-element-1d5a1db0 elementor-section-boxed elementor-section-height-default elementor-section-height-default\" data-id=\"1d5a1db0\" data-element_type=\"section\">\n\t\t\t\t\t\t<div class=\"elementor-container elementor-column-gap-default\">\n\t\t\t\t\t<div class=\"elementor-column elementor-col-100 elementor-inner-column elementor-element elementor-element-1790f4c6\" data-id=\"1790f4c6\" data-element_type=\"column\">\n\t\t\t<div class=\"elementor-widget-wrap elementor-element-populated\">\n\t\t\t\t\t\t<div class=\"elementor-element elementor-element-1054b194 elementor-widget elementor-widget-elementskit-heading\" data-id=\"1054b194\" data-element_type=\"widget\" data-widget_type=\"elementskit-heading.default\">\n\t\t\t\t<div class=\"elementor-widget-container\">\n\t\t\t<div class=\"ekit-wid-con\" ><div class=\"ekit-heading elementskit-section-title-wraper center   ekit_heading_tablet-   ekit_heading_mobile-\"><h3 class=\"ekit-heading--title elementskit-section-title \">PHARD<\/h3><div class=\"ekit_heading_separetor_wraper ekit_heading_elementskit-border-divider\"><div class=\"elementskit-border-divider\"><\/div><\/div>\t\t\t\t<div class='ekit-heading__description'>\n\t\t\t\t\t<p>Services :<br \/>Conseil et strat\u00e9gie<br \/>Communication social media<\/p>\n\t\t\t\t<\/div>\n\t\t\t<\/div><\/div>\t\t<\/div>\n\t\t\t\t<\/div>\n\t\t\t\t\t<\/div>\n\t\t<\/div>\n\t\t\t\t\t<\/div>\n\t\t<\/section>\n\t\t\t\t<section class=\"elementor-section elementor-inner-section elementor-element elementor-element-2ed852b elementor-section-boxed elementor-section-height-default elementor-section-height-default\" data-id=\"2ed852b\" data-element_type=\"section\">\n\t\t\t\t\t\t<div class=\"elementor-container elementor-column-gap-default\">\n\t\t\t\t\t<div class=\"elementor-column elementor-col-100 elementor-inner-column elementor-element elementor-element-26e48c4\" data-id=\"26e48c4\" data-element_type=\"column\">\n\t\t\t<div class=\"elementor-widget-wrap elementor-element-populated\">\n\t\t\t\t\t\t<div class=\"elementor-element elementor-element-b9231e8 elementor-arrows-position-inside elementor-widget elementor-widget-image-carousel\" data-id=\"b9231e8\" data-element_type=\"widget\" data-settings=\"{&quot;slides_to_show&quot;:&quot;1&quot;,&quot;navigation&quot;:&quot;arrows&quot;,&quot;autoplay&quot;:&quot;yes&quot;,&quot;pause_on_hover&quot;:&quot;yes&quot;,&quot;pause_on_interaction&quot;:&quot;yes&quot;,&quot;autoplay_speed&quot;:5000,&quot;infinite&quot;:&quot;yes&quot;,&quot;effect&quot;:&quot;slide&quot;,&quot;speed&quot;:500}\" data-widget_type=\"image-carousel.default\">\n\t\t\t\t<div class=\"elementor-widget-container\">\n\t\t\t\t\t<div class=\"elementor-image-carousel-wrapper swiper\" dir=\"ltr\">\n\t\t\t<div class=\"elementor-image-carousel swiper-wrapper\" aria-live=\"off\">\n\t\t\t\t\t\t\t\t<div class=\"swiper-slide\" role=\"group\" aria-roledescription=\"slide\" aria-label=\"1 of 6\"><figure class=\"swiper-slide-inner\"><img decoding=\"async\" class=\"swiper-slide-image\" src=\"https:\/\/prestigeconcepts.sn\/wp-content\/uploads\/2024\/02\/DSC_7196-scaled.jpg\" alt=\"DSC_7196\" \/><\/figure><\/div><div class=\"swiper-slide\" role=\"group\" aria-roledescription=\"slide\" aria-label=\"2 of 6\"><figure class=\"swiper-slide-inner\"><img decoding=\"async\" class=\"swiper-slide-image\" src=\"https:\/\/prestigeconcepts.sn\/wp-content\/uploads\/2024\/02\/DSC_7174-scaled.jpg\" alt=\"DSC_7174\" \/><\/figure><\/div><div class=\"swiper-slide\" role=\"group\" aria-roledescription=\"slide\" aria-label=\"3 of 6\"><figure class=\"swiper-slide-inner\"><img decoding=\"async\" class=\"swiper-slide-image\" src=\"https:\/\/prestigeconcepts.sn\/wp-content\/uploads\/2024\/02\/DSC_7159-scaled.jpg\" alt=\"DSC_7159\" \/><\/figure><\/div><div class=\"swiper-slide\" role=\"group\" aria-roledescription=\"slide\" aria-label=\"4 of 6\"><figure class=\"swiper-slide-inner\"><img decoding=\"async\" class=\"swiper-slide-image\" src=\"https:\/\/prestigeconcepts.sn\/wp-content\/uploads\/2024\/02\/DSC_7094-scaled.jpg\" alt=\"DSC_7094\" \/><\/figure><\/div><div class=\"swiper-slide\" role=\"group\" aria-roledescription=\"slide\" aria-label=\"5 of 6\"><figure class=\"swiper-slide-inner\"><img decoding=\"async\" class=\"swiper-slide-image\" src=\"https:\/\/prestigeconcepts.sn\/wp-content\/uploads\/2024\/02\/DSC_7092-scaled.jpg\" alt=\"DSC_7092\" \/><\/figure><\/div><div class=\"swiper-slide\" role=\"group\" aria-roledescription=\"slide\" aria-label=\"6 of 6\"><figure class=\"swiper-slide-inner\"><img decoding=\"async\" class=\"swiper-slide-image\" src=\"https:\/\/prestigeconcepts.sn\/wp-content\/uploads\/2024\/02\/DSC_7079-scaled.jpg\" alt=\"DSC_7079\" \/><\/figure><\/div>\t\t\t<\/div>\n\t\t\t\t\t\t\t\t\t\t\t\t<div class=\"elementor-swiper-button elementor-swiper-button-prev\" role=\"button\" tabindex=\"0\">\n\t\t\t\t\t\t<svg aria-hidden=\"true\" class=\"e-font-icon-svg e-eicon-chevron-left\" viewBox=\"0 0 1000 1000\" xmlns=\"http:\/\/www.w3.org\/2000\/svg\"><path d=\"M646 125C629 125 613 133 604 142L308 442C296 454 292 471 292 487 292 504 296 521 308 533L604 854C617 867 629 875 646 875 663 875 679 871 692 858 704 846 713 829 713 812 713 796 708 779 692 767L438 487 692 225C700 217 708 204 708 187 708 171 704 154 692 142 675 129 663 125 646 125Z\"><\/path><\/svg>\t\t\t\t\t<\/div>\n\t\t\t\t\t<div class=\"elementor-swiper-button elementor-swiper-button-next\" role=\"button\" tabindex=\"0\">\n\t\t\t\t\t\t<svg aria-hidden=\"true\" class=\"e-font-icon-svg e-eicon-chevron-right\" viewBox=\"0 0 1000 1000\" xmlns=\"http:\/\/www.w3.org\/2000\/svg\"><path d=\"M696 533C708 521 713 504 713 487 713 471 708 454 696 446L400 146C388 133 375 125 354 125 338 125 325 129 313 142 300 154 292 171 292 187 292 204 296 221 308 233L563 492 304 771C292 783 288 800 288 817 288 833 296 850 308 863 321 871 338 875 354 875 371 875 388 867 400 854L696 533Z\"><\/path><\/svg>\t\t\t\t\t<\/div>\n\t\t\t\t\n\t\t\t\t\t\t\t\t\t<\/div>\n\t\t\t\t<\/div>\n\t\t\t\t<\/div>\n\t\t\t\t\t<\/div>\n\t\t<\/div>\n\t\t\t\t\t<\/div>\n\t\t<\/section>\n\t\t\t\t\t<\/div>\n\t\t<\/div>\n\t\t\t\t\t<\/div>\n\t\t<\/section>\n\t\t<div class=\"elementor-element elementor-element-f4b9ea7 e-flex e-con-boxed e-con e-parent\" data-id=\"f4b9ea7\" data-element_type=\"container\">\n\t\t\t\t\t<div class=\"e-con-inner\">\n\t\t\t\t<div class=\"elementor-element elementor-element-af61b7e elementor-widget elementor-widget-video\" data-id=\"af61b7e\" data-element_type=\"widget\" data-settings=\"{&quot;video_type&quot;:&quot;vimeo&quot;}\" data-widget_type=\"video.default\">\n\t\t\t\t<div class=\"elementor-widget-container\">\n\t\t\t\t\t<div class=\"elementor-wrapper elementor-open-inline\">\n\t\t\t<iframe class=\"elementor-video-iframe\" allowfullscreen allow=\"clipboard-write\" title=\"vimeo Video Player\" src=\"https:\/\/player.vimeo.com\/video\/869335155?color&amp;autopause=0&amp;loop=0&amp;muted=0&amp;title=1&amp;portrait=1&amp;byline=1#t=\"><\/iframe>\t\t<\/div>\n\t\t\t\t<\/div>\n\t\t\t\t<\/div>\n\t\t\t\t\t<\/div>\n\t\t\t\t<\/div>\n\t\t\t\t<\/div>\n\t\t","protected":false},"excerpt":{"rendered":"<p>PHARD Services :Conseil et strat\u00e9gieCommunication social media https:\/\/vimeo.com\/869335155?share=copy<\/p>\n","protected":false},"author":1,"featured_media":0,"parent":0,"menu_order":0,"comment_status":"closed","ping_status":"closed","template":"elementor_header_footer","meta":{"_acf_changed":false,"footnotes":""},"class_list":["post-4081","page","type-page","status-publish","hentry"],"acf":[],"yoast_head":"<!-- This site is optimized with the Yoast SEO Premium plugin v22.5 (Yoast SEO v24.0) - https:\/\/yoast.com\/wordpress\/plugins\/seo\/ -->\n<title>Projet PHARD - Prestige Concepts<\/title>\n<meta name=\"description\" content=\"Nous sommes une agence de conseil 360\u00b0, sp\u00e9cialis\u00e9e en strat\u00e9gie marketing et communication. Nous accompagnons les entreprises dans l\u2019\u00e9laboration et la mise en place de leur strat\u00e9gie de communication en prenant en compte leurs objectifs commerciaux et leur cible de march\u00e9.\" \/>\n<meta name=\"robots\" content=\"index, follow, max-snippet:-1, max-image-preview:large, max-video-preview:-1\" \/>\n<link rel=\"canonical\" href=\"https:\/\/prestigeconcepts.sn\/index.php\/projet-phard\/\" \/>\n<meta property=\"og:locale\" content=\"en_US\" \/>\n<meta property=\"og:type\" content=\"article\" \/>\n<meta property=\"og:title\" content=\"Projet PHARD\" \/>\n<meta property=\"og:description\" content=\"Nous sommes une agence de conseil 360\u00b0, sp\u00e9cialis\u00e9e en strat\u00e9gie marketing et communication. Nous accompagnons les entreprises dans l\u2019\u00e9laboration et la mise en place de leur strat\u00e9gie de communication en prenant en compte leurs objectifs commerciaux et leur cible de march\u00e9.\" \/>\n<meta property=\"og:url\" content=\"https:\/\/prestigeconcepts.sn\/index.php\/projet-phard\/\" \/>\n<meta property=\"og:site_name\" content=\"Prestige Concepts\" \/>\n<meta property=\"article:modified_time\" content=\"2024-04-23T23:50:10+00:00\" \/>\n<meta property=\"og:image\" content=\"http:\/\/demo.prestigeconcepts.sn\/wp-content\/uploads\/2024\/02\/DSC_7196-scaled.jpg\" \/>\n<meta name=\"twitter:card\" content=\"summary_large_image\" \/>\n<script type=\"application\/ld+json\" class=\"yoast-schema-graph\">{\"@context\":\"https:\/\/schema.org\",\"@graph\":[{\"@type\":\"WebPage\",\"@id\":\"https:\/\/prestigeconcepts.sn\/index.php\/projet-phard\/\",\"url\":\"https:\/\/prestigeconcepts.sn\/index.php\/projet-phard\/\",\"name\":\"Projet PHARD - Prestige Concepts\",\"isPartOf\":{\"@id\":\"https:\/\/prestigeconcepts.sn\/#website\"},\"primaryImageOfPage\":{\"@id\":\"https:\/\/prestigeconcepts.sn\/index.php\/projet-phard\/#primaryimage\"},\"image\":{\"@id\":\"https:\/\/prestigeconcepts.sn\/index.php\/projet-phard\/#primaryimage\"},\"thumbnailUrl\":\"http:\/\/demo.prestigeconcepts.sn\/wp-content\/uploads\/2024\/02\/DSC_7196-scaled.jpg\",\"datePublished\":\"2024-02-18T00:16:30+00:00\",\"dateModified\":\"2024-04-23T23:50:10+00:00\",\"description\":\"Nous sommes une agence de conseil 360\u00b0, sp\u00e9cialis\u00e9e en strat\u00e9gie marketing et communication. Nous accompagnons les entreprises dans l\u2019\u00e9laboration et la mise en place de leur strat\u00e9gie de communication en prenant en compte leurs objectifs commerciaux et leur cible de march\u00e9.\",\"breadcrumb\":{\"@id\":\"https:\/\/prestigeconcepts.sn\/index.php\/projet-phard\/#breadcrumb\"},\"inLanguage\":\"en-US\",\"potentialAction\":[{\"@type\":\"ReadAction\",\"target\":[\"https:\/\/prestigeconcepts.sn\/index.php\/projet-phard\/\"]}]},{\"@type\":\"ImageObject\",\"inLanguage\":\"en-US\",\"@id\":\"https:\/\/prestigeconcepts.sn\/index.php\/projet-phard\/#primaryimage\",\"url\":\"http:\/\/demo.prestigeconcepts.sn\/wp-content\/uploads\/2024\/02\/DSC_7196-scaled.jpg\",\"contentUrl\":\"http:\/\/demo.prestigeconcepts.sn\/wp-content\/uploads\/2024\/02\/DSC_7196-scaled.jpg\"},{\"@type\":\"BreadcrumbList\",\"@id\":\"https:\/\/prestigeconcepts.sn\/index.php\/projet-phard\/#breadcrumb\",\"itemListElement\":[{\"@type\":\"ListItem\",\"position\":1,\"name\":\"Accueil\",\"item\":\"https:\/\/prestigeconcepts.sn\/\"},{\"@type\":\"ListItem\",\"position\":2,\"name\":\"Projet PHARD\"}]},{\"@type\":\"WebSite\",\"@id\":\"https:\/\/prestigeconcepts.sn\/#website\",\"url\":\"https:\/\/prestigeconcepts.sn\/\",\"name\":\"Prestige Concepts\",\"description\":\"Agence de communication 360\u00b0 sp\u00e9cialis\u00e9e en strat\u00e9gie marketing et communication.\",\"publisher\":{\"@id\":\"https:\/\/prestigeconcepts.sn\/#organization\"},\"potentialAction\":[{\"@type\":\"SearchAction\",\"target\":{\"@type\":\"EntryPoint\",\"urlTemplate\":\"https:\/\/prestigeconcepts.sn\/?s={search_term_string}\"},\"query-input\":{\"@type\":\"PropertyValueSpecification\",\"valueRequired\":true,\"valueName\":\"search_term_string\"}}],\"inLanguage\":\"en-US\"},{\"@type\":\"Organization\",\"@id\":\"https:\/\/prestigeconcepts.sn\/#organization\",\"name\":\"Prestige Concepts\",\"url\":\"https:\/\/prestigeconcepts.sn\/\",\"logo\":{\"@type\":\"ImageObject\",\"inLanguage\":\"en-US\",\"@id\":\"https:\/\/prestigeconcepts.sn\/#\/schema\/logo\/image\/\",\"url\":\"https:\/\/prestigeconcepts.sn\/wp-content\/uploads\/2022\/05\/LOGO-PC-CONCEPT-CONTACT3.png\",\"contentUrl\":\"https:\/\/prestigeconcepts.sn\/wp-content\/uploads\/2022\/05\/LOGO-PC-CONCEPT-CONTACT3.png\",\"width\":3508,\"height\":2481,\"caption\":\"Prestige Concepts\"},\"image\":{\"@id\":\"https:\/\/prestigeconcepts.sn\/#\/schema\/logo\/image\/\"},\"description\":\"Agence de communication 360\u00b0 sp\u00e9cialis\u00e9e en strat\u00e9gie marketing et communication.\",\"email\":\"contact@prestigeconcepts.sn\",\"telephone\":\"33 835 40 82 - 78 104 32 16\",\"foundingDate\":\"2023-01-04\",\"numberOfEmployees\":{\"@type\":\"QuantitativeValue\",\"minValue\":\"1\",\"maxValue\":\"10\"}}]}<\/script>\n<!-- \/ Yoast SEO Premium plugin. -->","yoast_head_json":{"title":"Projet PHARD - Prestige Concepts","description":"Nous sommes une agence de conseil 360\u00b0, sp\u00e9cialis\u00e9e en strat\u00e9gie marketing et communication. Nous accompagnons les entreprises dans l\u2019\u00e9laboration et la mise en place de leur strat\u00e9gie de communication en prenant en compte leurs objectifs commerciaux et leur cible de march\u00e9.","robots":{"index":"index","follow":"follow","max-snippet":"max-snippet:-1","max-image-preview":"max-image-preview:large","max-video-preview":"max-video-preview:-1"},"canonical":"https:\/\/prestigeconcepts.sn\/index.php\/projet-phard\/","og_locale":"en_US","og_type":"article","og_title":"Projet PHARD","og_description":"Nous sommes une agence de conseil 360\u00b0, sp\u00e9cialis\u00e9e en strat\u00e9gie marketing et communication. Nous accompagnons les entreprises dans l\u2019\u00e9laboration et la mise en place de leur strat\u00e9gie de communication en prenant en compte leurs objectifs commerciaux et leur cible de march\u00e9.","og_url":"https:\/\/prestigeconcepts.sn\/index.php\/projet-phard\/","og_site_name":"Prestige Concepts","article_modified_time":"2024-04-23T23:50:10+00:00","og_image":[{"url":"http:\/\/demo.prestigeconcepts.sn\/wp-content\/uploads\/2024\/02\/DSC_7196-scaled.jpg","type":"","width":"","height":""}],"twitter_card":"summary_large_image","schema":{"@context":"https:\/\/schema.org","@graph":[{"@type":"WebPage","@id":"https:\/\/prestigeconcepts.sn\/index.php\/projet-phard\/","url":"https:\/\/prestigeconcepts.sn\/index.php\/projet-phard\/","name":"Projet PHARD - Prestige Concepts","isPartOf":{"@id":"https:\/\/prestigeconcepts.sn\/#website"},"primaryImageOfPage":{"@id":"https:\/\/prestigeconcepts.sn\/index.php\/projet-phard\/#primaryimage"},"image":{"@id":"https:\/\/prestigeconcepts.sn\/index.php\/projet-phard\/#primaryimage"},"thumbnailUrl":"http:\/\/demo.prestigeconcepts.sn\/wp-content\/uploads\/2024\/02\/DSC_7196-scaled.jpg","datePublished":"2024-02-18T00:16:30+00:00","dateModified":"2024-04-23T23:50:10+00:00","description":"Nous sommes une agence de conseil 360\u00b0, sp\u00e9cialis\u00e9e en strat\u00e9gie marketing et communication. Nous accompagnons les entreprises dans l\u2019\u00e9laboration et la mise en place de leur strat\u00e9gie de communication en prenant en compte leurs objectifs commerciaux et leur cible de march\u00e9.","breadcrumb":{"@id":"https:\/\/prestigeconcepts.sn\/index.php\/projet-phard\/#breadcrumb"},"inLanguage":"en-US","potentialAction":[{"@type":"ReadAction","target":["https:\/\/prestigeconcepts.sn\/index.php\/projet-phard\/"]}]},{"@type":"ImageObject","inLanguage":"en-US","@id":"https:\/\/prestigeconcepts.sn\/index.php\/projet-phard\/#primaryimage","url":"http:\/\/demo.prestigeconcepts.sn\/wp-content\/uploads\/2024\/02\/DSC_7196-scaled.jpg","contentUrl":"http:\/\/demo.prestigeconcepts.sn\/wp-content\/uploads\/2024\/02\/DSC_7196-scaled.jpg"},{"@type":"BreadcrumbList","@id":"https:\/\/prestigeconcepts.sn\/index.php\/projet-phard\/#breadcrumb","itemListElement":[{"@type":"ListItem","position":1,"name":"Accueil","item":"https:\/\/prestigeconcepts.sn\/"},{"@type":"ListItem","position":2,"name":"Projet PHARD"}]},{"@type":"WebSite","@id":"https:\/\/prestigeconcepts.sn\/#website","url":"https:\/\/prestigeconcepts.sn\/","name":"Prestige Concepts","description":"Agence de communication 360\u00b0 sp\u00e9cialis\u00e9e en strat\u00e9gie marketing et communication.","publisher":{"@id":"https:\/\/prestigeconcepts.sn\/#organization"},"potentialAction":[{"@type":"SearchAction","target":{"@type":"EntryPoint","urlTemplate":"https:\/\/prestigeconcepts.sn\/?s={search_term_string}"},"query-input":{"@type":"PropertyValueSpecification","valueRequired":true,"valueName":"search_term_string"}}],"inLanguage":"en-US"},{"@type":"Organization","@id":"https:\/\/prestigeconcepts.sn\/#organization","name":"Prestige Concepts","url":"https:\/\/prestigeconcepts.sn\/","logo":{"@type":"ImageObject","inLanguage":"en-US","@id":"https:\/\/prestigeconcepts.sn\/#\/schema\/logo\/image\/","url":"https:\/\/prestigeconcepts.sn\/wp-content\/uploads\/2022\/05\/LOGO-PC-CONCEPT-CONTACT3.png","contentUrl":"https:\/\/prestigeconcepts.sn\/wp-content\/uploads\/2022\/05\/LOGO-PC-CONCEPT-CONTACT3.png","width":3508,"height":2481,"caption":"Prestige Concepts"},"image":{"@id":"https:\/\/prestigeconcepts.sn\/#\/schema\/logo\/image\/"},"description":"Agence de communication 360\u00b0 sp\u00e9cialis\u00e9e en strat\u00e9gie marketing et communication.","email":"contact@prestigeconcepts.sn","telephone":"33 835 40 82 - 78 104 32 16","foundingDate":"2023-01-04","numberOfEmployees":{"@type":"QuantitativeValue","minValue":"1","maxValue":"10"}}]}},"_links":{"self":[{"href":"https:\/\/prestigeconcepts.sn\/index.php\/wp-json\/wp\/v2\/pages\/4081","targetHints":{"allow":["GET"]}}],"collection":[{"href":"https:\/\/prestigeconcepts.sn\/index.php\/wp-json\/wp\/v2\/pages"}],"about":[{"href":"https:\/\/prestigeconcepts.sn\/index.php\/wp-json\/wp\/v2\/types\/page"}],"author":[{"embeddable":true,"href":"https:\/\/prestigeconcepts.sn\/index.php\/wp-json\/wp\/v2\/users\/1"}],"replies":[{"embeddable":true,"href":"https:\/\/prestigeconcepts.sn\/index.php\/wp-json\/wp\/v2\/comments?post=4081"}],"version-history":[{"count":9,"href":"https:\/\/prestigeconcepts.sn\/index.php\/wp-json\/wp\/v2\/pages\/4081\/revisions"}],"predecessor-version":[{"id":4937,"href":"https:\/\/prestigeconcepts.sn\/index.php\/wp-json\/wp\/v2\/pages\/4081\/revisions\/4937"}],"wp:attachment":[{"href":"https:\/\/prestigeconcepts.sn\/index.php\/wp-json\/wp\/v2\/media?parent=4081"}],"curies":[{"name":"wp","href":"https:\/\/api.w.org\/{rel}","templated":true}]}}